{"id":5948,"date":"2025-09-14T20:14:15","date_gmt":"2025-09-14T18:14:15","guid":{"rendered":"https:\/\/svyatna.com\/?post_type=product&#038;p=5948"},"modified":"2025-09-18T16:18:50","modified_gmt":"2025-09-18T14:18:50","slug":"kimono-lniane-niebieskie","status":"publish","type":"product","link":"https:\/\/svyatna.com\/pl\/product\/kimono-lniane-niebieskie\/","title":{"rendered":"Kimono lniane niebieskie"},"content":{"rendered":"<p>Kimono lniane niebieskie wykonane jest ze 100% lnu w stonowanym, kobaltowym kolorze. Lekkie, stylowe i uniwersalne \u2014 idealne uzupe\u0142nienie Twojej garderoby na czas wypoczynku. Stworzone dla tych, kt\u00f3rzy ceni\u0105 komfort, styl i jako\u015b\u0107 w ka\u017cdym detalu.<\/p>\n<p data-start=\"300\" data-end=\"543\">Kimono lniane niebieskie stanie si\u0119 Twoim niezawodnym towarzyszem w domu, w spa czy na pla\u017cy \u2014 ochroni przed s\u0142o\u0144cem i letnim ch\u0142odem. Doskonale komponuje si\u0119 z sukienk\u0105 czy spodniami, dodaj\u0105c elegancji i wyrafinowania Twojemu wygl\u0105dowi.<\/p>\n<p>Szczeg\u00f3\u0142y produktu:<\/p>\n<ul>\n<li>KOLOR: Kobalt stonowany<\/li>\n<li>KO\u0141NIERZ: Dekolt w kszta\u0142cie litery V<\/li>\n<li>R\u0118KAW: \u00be<\/li>\n<li>KIESZENIE: Boczne, ukryte w szwach<\/li>\n<li>PASEK: Wykonany z tego samego materia\u0142u, regulowany wi\u0105zaniem<\/li>\n<li>ROZCI\u0118CIA PO BOKACH: Dla wi\u0119kszego komfortu i swobody ruch\u00f3w<\/li>\n<li>PODSZEWKA: Brak<\/li>\n<\/ul>\n<p>Materia\u0142y:<\/p>\n<ul>\n<li>TKANINA G\u0141\u00d3WNA: 100% len, 350 g, ci\u0119\u017cki len na odzie\u017c wierzchni\u0105<\/li>\n<\/ul>\n<p>Modelka ma 178 cm wzrostu i nosi rozmiar XS-S.<\/p>\n<p>Kimono ma lu\u017any kr\u00f3j, dlatego pasuje do r\u00f3\u017cnych typ\u00f3w sylwetki.<a href=\"https:\/\/svyatna.com\/wp-content\/uploads\/2024\/02\/wykroj-kimono-2023-ok-2025-1-01.png\"><img loading=\"lazy\" decoding=\"async\" class=\"size-medium wp-image-5521 alignright\" src=\"https:\/\/svyatna.com\/wp-content\/uploads\/2024\/02\/wykroj-kimono-2023-ok-2025-1-01-291x300.png\" alt=\"\" width=\"291\" height=\"300\" srcset=\"https:\/\/svyatna.com\/wp-content\/uploads\/2024\/02\/wykroj-kimono-2023-ok-2025-1-01-291x300.png 291w, https:\/\/svyatna.com\/wp-content\/uploads\/2024\/02\/wykroj-kimono-2023-ok-2025-1-01-992x1024.png 992w, https:\/\/svyatna.com\/wp-content\/uploads\/2024\/02\/wykroj-kimono-2023-ok-2025-1-01-768x793.png 768w, https:\/\/svyatna.com\/wp-content\/uploads\/2024\/02\/wykroj-kimono-2023-ok-2025-1-01-1487x1536.png 1487w, https:\/\/svyatna.com\/wp-content\/uploads\/2024\/02\/wykroj-kimono-2023-ok-2025-1-01-1983x2048.png 1983w, https:\/\/svyatna.com\/wp-content\/uploads\/2024\/02\/wykroj-kimono-2023-ok-2025-1-01-500x516.png 500w, https:\/\/svyatna.com\/wp-content\/uploads\/2024\/02\/wykroj-kimono-2023-ok-2025-1-01-640x661.png 640w, https:\/\/svyatna.com\/wp-content\/uploads\/2024\/02\/wykroj-kimono-2023-ok-2025-1-01-64x66.png 64w\" sizes=\"auto, (max-width: 291px) 100vw, 291px\" \/><script type=\"application\/ld+json\">{\"@context\":\"https:\/\/schema.org\",\"@type\":\"ImageObject\",\"url\":\"https:\/\/svyatna.com\/wp-content\/uploads\/2024\/02\/wykroj-kimono-2023-ok-2025-1-01-291x300.png\",\"width\":\"291\",\"height\":\"300\"}<\/script><\/a><\/p>\n<p>&nbsp;<\/p>\n<p>Tabela wymiar\u00f3w produktu:<\/p>\n<p>\u0441\u043c\u00a0 \u00a0 \u00a0 \u00a0 \u00a0 \u00a0 \u00a0 \u00a0 \u00a0 \u00a0 \u00a0 \u00a0 \u00a0 \u00a0 \u00a0 \u00a0 \u00a0 \u00a0 \u00a0 \u00a0 \u00a0 \u00a0 \u00a0 \u00a0 \u00a0 \u00a0 \u00a0 XS-S\u00a0 \u00a0 \u00a0 \u00a0 M-L<\/p>\n<p>A \u2013 szeroko\u015b\u0107 klatki piersiowej\u00a0 \u00a0 \u00a0 \u00a0 \u00a0 \u00a0 \u00a066\u00a0\u00a0\u00a0\u00a0\u00a0\u00a0\u00a0\u00a0 \u00a072<\/p>\n<p>B \u2013 d\u0142ugo\u015b\u0107 produktu\u00a0\u00a0\u00a0\u00a0\u00a0\u00a0\u00a0\u00a0\u00a0\u00a0\u00a0\u00a0\u00a0\u00a0\u00a0\u00a0\u00a0\u00a0\u00a0\u00a0\u00a0\u00a0\u00a0 \u00a0\u00a0120\u00a0\u00a0\u00a0\u00a0\u00a0\u00a0 \u00a0120<\/p>\n<p>C \u2013 szeroko\u015b\u0107 r\u0119kawa\u00a0\u00a0\u00a0\u00a0\u00a0\u00a0\u00a0\u00a0\u00a0\u00a0\u00a0\u00a0\u00a0\u00a0\u00a0\u00a0\u00a0\u00a0\u00a0\u00a0\u00a0\u00a0\u00a0\u00a0\u00a0 \u00a028\u00a0\u00a0\u00a0\u00a0\u00a0\u00a0\u00a0\u00a0 30<\/p>\n<p>&nbsp;<\/p>\n<p>Kimono lniane niebieskie stanie si\u0119 t\u0105 rzecz\u0105, do kt\u00f3rej b\u0119dziesz wraca\u0107 raz za razem.<\/p>\n<p>Zam\u00f3w ju\u017c teraz!<\/p>\n<p>Prosz\u0119 si\u0119 nie martwi\u0107, je\u015bli rozmiar lub fason nie b\u0119dzie pasowa\u0142 \u2014 u nas <a href=\"https:\/\/svyatna.com\/pl\/zwrot-towarow\/\">proste zwroty<\/a>.<\/p>\n<p><a href=\"https:\/\/svyatna.com\/pl\/kontakt\/\">Je\u015bli masz pytania, skontaktuj si\u0119 z nami!<\/a><\/p>\n","protected":false},"excerpt":{"rendered":"<p>Damska kolekcja kimona Svyatna<\/p>\n<p>KOLOR: Kobalt stonowany<\/p>\n<p>TKANINA: 100% len<\/p>\n","protected":false},"featured_media":5900,"comment_status":"open","ping_status":"closed","template":"","meta":[],"product_brand":[],"product_cat":[93],"product_tag":[],"class_list":{"0":"post-5948","1":"product","2":"type-product","3":"status-publish","4":"has-post-thumbnail","5":"","6":"product_cat-damskie-kimono-wykonane-z-lnu","8":"first","9":"instock","10":"shipping-taxable","11":"purchasable","12":"product-type-variable"},"yoast_head":"<!-- This site is optimized with the Yoast SEO plugin v27.5 - https:\/\/yoast.com\/product\/yoast-seo-wordpress\/ -->\n<title>Kimono lniane niebieskie \u2013 stylowe kimono ze 100% lnu | Svyatna<\/title>\n<meta name=\"description\" content=\"Kimono lniane niebieskie ze 100% ci\u0119\u017ckiego lnu w kolorze kobaltowym. Lekkie i uniwersalne do domu, spa i na pla\u017c\u0119. Szybka dostawa, \u0142atwy zwrot.\" \/>\n<meta name=\"robots\" content=\"index, follow, max-snippet:-1, max-image-preview:large, max-video-preview:-1\" \/>\n<link rel=\"canonical\" href=\"https:\/\/svyatna.com\/pl\/product\/kimono-lniane-niebieskie\/\" \/>\n<meta property=\"og:locale\" content=\"pl_PL\" \/>\n<meta property=\"og:type\" content=\"article\" \/>\n<meta property=\"og:title\" content=\"Kimono lniane niebieskie \u2013 stylowe kimono ze 100% lnu | Svyatna\" \/>\n<meta property=\"og:description\" content=\"Kimono lniane niebieskie ze 100% ci\u0119\u017ckiego lnu w kolorze kobaltowym. Lekkie i uniwersalne do domu, spa i na pla\u017c\u0119. Szybka dostawa, \u0142atwy zwrot.\" \/>\n<meta property=\"og:url\" content=\"https:\/\/svyatna.com\/pl\/product\/kimono-lniane-niebieskie\/\" \/>\n<meta property=\"og:site_name\" content=\"svyatna\" \/>\n<meta property=\"article:modified_time\" content=\"2025-09-18T14:18:50+00:00\" \/>\n<meta property=\"og:image\" content=\"https:\/\/svyatna.com\/wp-content\/uploads\/2025\/09\/kimono-lliane-synie.jpg\" \/>\n\t<meta property=\"og:image:width\" content=\"1707\" \/>\n\t<meta property=\"og:image:height\" content=\"2560\" \/>\n\t<meta property=\"og:image:type\" content=\"image\/jpeg\" \/>\n<meta name=\"twitter:card\" content=\"summary_large_image\" \/>\n<meta name=\"twitter:label1\" content=\"Szacowany czas czytania\" \/>\n\t<meta name=\"twitter:data1\" content=\"2 minuty\" \/>\n<script type=\"application\/ld+json\" class=\"yoast-schema-graph\">{\"@context\":\"https:\\\/\\\/schema.org\",\"@graph\":[{\"@type\":\"WebPage\",\"@id\":\"https:\\\/\\\/svyatna.com\\\/pl\\\/product\\\/kimono-lniane-niebieskie\\\/\",\"url\":\"https:\\\/\\\/svyatna.com\\\/pl\\\/product\\\/kimono-lniane-niebieskie\\\/\",\"name\":\"Kimono lniane niebieskie \u2013 stylowe kimono ze 100% lnu | Svyatna\",\"isPartOf\":{\"@id\":\"https:\\\/\\\/svyatna.com\\\/#website\"},\"primaryImageOfPage\":{\"@id\":\"https:\\\/\\\/svyatna.com\\\/pl\\\/product\\\/kimono-lniane-niebieskie\\\/#primaryimage\"},\"image\":{\"@id\":\"https:\\\/\\\/svyatna.com\\\/pl\\\/product\\\/kimono-lniane-niebieskie\\\/#primaryimage\"},\"thumbnailUrl\":\"https:\\\/\\\/svyatna.com\\\/wp-content\\\/uploads\\\/2025\\\/09\\\/kimono-lliane-synie.jpg\",\"datePublished\":\"2025-09-14T18:14:15+00:00\",\"dateModified\":\"2025-09-18T14:18:50+00:00\",\"description\":\"Kimono lniane niebieskie ze 100% ci\u0119\u017ckiego lnu w kolorze kobaltowym. Lekkie i uniwersalne do domu, spa i na pla\u017c\u0119. Szybka dostawa, \u0142atwy zwrot.\",\"breadcrumb\":{\"@id\":\"https:\\\/\\\/svyatna.com\\\/pl\\\/product\\\/kimono-lniane-niebieskie\\\/#breadcrumb\"},\"inLanguage\":\"pl-PL\",\"potentialAction\":[{\"@type\":\"ReadAction\",\"target\":[\"https:\\\/\\\/svyatna.com\\\/pl\\\/product\\\/kimono-lniane-niebieskie\\\/\"]}]},{\"@type\":\"ImageObject\",\"inLanguage\":\"pl-PL\",\"@id\":\"https:\\\/\\\/svyatna.com\\\/pl\\\/product\\\/kimono-lniane-niebieskie\\\/#primaryimage\",\"url\":\"https:\\\/\\\/svyatna.com\\\/wp-content\\\/uploads\\\/2025\\\/09\\\/kimono-lliane-synie.jpg\",\"contentUrl\":\"https:\\\/\\\/svyatna.com\\\/wp-content\\\/uploads\\\/2025\\\/09\\\/kimono-lliane-synie.jpg\",\"width\":1707,\"height\":2560},{\"@type\":\"BreadcrumbList\",\"@id\":\"https:\\\/\\\/svyatna.com\\\/pl\\\/product\\\/kimono-lniane-niebieskie\\\/#breadcrumb\",\"itemListElement\":[{\"@type\":\"ListItem\",\"position\":1,\"name\":\"\u0413\u043b\u0430\u0432\u043d\u0430\u044f \u0441\u0442\u0440\u0430\u043d\u0438\u0446\u0430\",\"item\":\"https:\\\/\\\/svyatna.com\\\/\"},{\"@type\":\"ListItem\",\"position\":2,\"name\":\"\u0422\u043e\u0432\u0430\u0440\u044b\",\"item\":\"https:\\\/\\\/svyatna.com\\\/internet-magazin-zhenskoj-odezhdy\\\/\"},{\"@type\":\"ListItem\",\"position\":3,\"name\":\"Kimono lniane niebieskie\"}]},{\"@type\":\"WebSite\",\"@id\":\"https:\\\/\\\/svyatna.com\\\/#website\",\"url\":\"https:\\\/\\\/svyatna.com\\\/\",\"name\":\"https:\\\/\\\/svyatna.com\\\/\",\"description\":\"Sklep internetowy Svyatna to nowa unikalna ukrai\u0144sko-polska marka odzie\u017cowa.\",\"potentialAction\":[{\"@type\":\"SearchAction\",\"target\":{\"@type\":\"EntryPoint\",\"urlTemplate\":\"https:\\\/\\\/svyatna.com\\\/?s={search_term_string}\"},\"query-input\":{\"@type\":\"PropertyValueSpecification\",\"valueRequired\":true,\"valueName\":\"search_term_string\"}}],\"inLanguage\":\"pl-PL\"}]}<\/script>\n<!-- \/ Yoast SEO plugin. -->","yoast_head_json":{"title":"Kimono lniane niebieskie \u2013 stylowe kimono ze 100% lnu | Svyatna","description":"Kimono lniane niebieskie ze 100% ci\u0119\u017ckiego lnu w kolorze kobaltowym. Lekkie i uniwersalne do domu, spa i na pla\u017c\u0119. Szybka dostawa, \u0142atwy zwrot.","robots":{"index":"index","follow":"follow","max-snippet":"max-snippet:-1","max-image-preview":"max-image-preview:large","max-video-preview":"max-video-preview:-1"},"canonical":"https:\/\/svyatna.com\/pl\/product\/kimono-lniane-niebieskie\/","og_locale":"pl_PL","og_type":"article","og_title":"Kimono lniane niebieskie \u2013 stylowe kimono ze 100% lnu | Svyatna","og_description":"Kimono lniane niebieskie ze 100% ci\u0119\u017ckiego lnu w kolorze kobaltowym. Lekkie i uniwersalne do domu, spa i na pla\u017c\u0119. Szybka dostawa, \u0142atwy zwrot.","og_url":"https:\/\/svyatna.com\/pl\/product\/kimono-lniane-niebieskie\/","og_site_name":"svyatna","article_modified_time":"2025-09-18T14:18:50+00:00","og_image":[{"width":1707,"height":2560,"url":"https:\/\/svyatna.com\/wp-content\/uploads\/2025\/09\/kimono-lliane-synie.jpg","type":"image\/jpeg"}],"twitter_card":"summary_large_image","twitter_misc":{"Szacowany czas czytania":"2 minuty"},"schema":{"@context":"https:\/\/schema.org","@graph":[{"@type":"WebPage","@id":"https:\/\/svyatna.com\/pl\/product\/kimono-lniane-niebieskie\/","url":"https:\/\/svyatna.com\/pl\/product\/kimono-lniane-niebieskie\/","name":"Kimono lniane niebieskie \u2013 stylowe kimono ze 100% lnu | Svyatna","isPartOf":{"@id":"https:\/\/svyatna.com\/#website"},"primaryImageOfPage":{"@id":"https:\/\/svyatna.com\/pl\/product\/kimono-lniane-niebieskie\/#primaryimage"},"image":{"@id":"https:\/\/svyatna.com\/pl\/product\/kimono-lniane-niebieskie\/#primaryimage"},"thumbnailUrl":"https:\/\/svyatna.com\/wp-content\/uploads\/2025\/09\/kimono-lliane-synie.jpg","datePublished":"2025-09-14T18:14:15+00:00","dateModified":"2025-09-18T14:18:50+00:00","description":"Kimono lniane niebieskie ze 100% ci\u0119\u017ckiego lnu w kolorze kobaltowym. Lekkie i uniwersalne do domu, spa i na pla\u017c\u0119. Szybka dostawa, \u0142atwy zwrot.","breadcrumb":{"@id":"https:\/\/svyatna.com\/pl\/product\/kimono-lniane-niebieskie\/#breadcrumb"},"inLanguage":"pl-PL","potentialAction":[{"@type":"ReadAction","target":["https:\/\/svyatna.com\/pl\/product\/kimono-lniane-niebieskie\/"]}]},{"@type":"ImageObject","inLanguage":"pl-PL","@id":"https:\/\/svyatna.com\/pl\/product\/kimono-lniane-niebieskie\/#primaryimage","url":"https:\/\/svyatna.com\/wp-content\/uploads\/2025\/09\/kimono-lliane-synie.jpg","contentUrl":"https:\/\/svyatna.com\/wp-content\/uploads\/2025\/09\/kimono-lliane-synie.jpg","width":1707,"height":2560},{"@type":"BreadcrumbList","@id":"https:\/\/svyatna.com\/pl\/product\/kimono-lniane-niebieskie\/#breadcrumb","itemListElement":[{"@type":"ListItem","position":1,"name":"\u0413\u043b\u0430\u0432\u043d\u0430\u044f \u0441\u0442\u0440\u0430\u043d\u0438\u0446\u0430","item":"https:\/\/svyatna.com\/"},{"@type":"ListItem","position":2,"name":"\u0422\u043e\u0432\u0430\u0440\u044b","item":"https:\/\/svyatna.com\/internet-magazin-zhenskoj-odezhdy\/"},{"@type":"ListItem","position":3,"name":"Kimono lniane niebieskie"}]},{"@type":"WebSite","@id":"https:\/\/svyatna.com\/#website","url":"https:\/\/svyatna.com\/","name":"https:\/\/svyatna.com\/","description":"Sklep internetowy Svyatna to nowa unikalna ukrai\u0144sko-polska marka odzie\u017cowa.","potentialAction":[{"@type":"SearchAction","target":{"@type":"EntryPoint","urlTemplate":"https:\/\/svyatna.com\/?s={search_term_string}"},"query-input":{"@type":"PropertyValueSpecification","valueRequired":true,"valueName":"search_term_string"}}],"inLanguage":"pl-PL"}]}},"_links":{"self":[{"href":"https:\/\/svyatna.com\/pl\/wp-json\/wp\/v2\/product\/5948","targetHints":{"allow":["GET"]}}],"collection":[{"href":"https:\/\/svyatna.com\/pl\/wp-json\/wp\/v2\/product"}],"about":[{"href":"https:\/\/svyatna.com\/pl\/wp-json\/wp\/v2\/types\/product"}],"replies":[{"embeddable":true,"href":"https:\/\/svyatna.com\/pl\/wp-json\/wp\/v2\/comments?post=5948"}],"wp:featuredmedia":[{"embeddable":true,"href":"https:\/\/svyatna.com\/pl\/wp-json\/wp\/v2\/media\/5900"}],"wp:attachment":[{"href":"https:\/\/svyatna.com\/pl\/wp-json\/wp\/v2\/media?parent=5948"}],"wp:term":[{"taxonomy":"product_brand","embeddable":true,"href":"https:\/\/svyatna.com\/pl\/wp-json\/wp\/v2\/product_brand?post=5948"},{"taxonomy":"product_cat","embeddable":true,"href":"https:\/\/svyatna.com\/pl\/wp-json\/wp\/v2\/product_cat?post=5948"},{"taxonomy":"product_tag","embeddable":true,"href":"https:\/\/svyatna.com\/pl\/wp-json\/wp\/v2\/product_tag?post=5948"}],"curies":[{"name":"wp","href":"https:\/\/api.w.org\/{rel}","templated":true}]}}