{"id":3765,"date":"2024-02-17T23:06:09","date_gmt":"2024-02-17T20:06:09","guid":{"rendered":"https:\/\/svyatna.com\/product\/lniane-kimono-zodiac\/"},"modified":"2025-08-26T11:17:37","modified_gmt":"2025-08-26T09:17:37","slug":"lniane-kimono-zodiak","status":"publish","type":"product","link":"https:\/\/svyatna.com\/pl\/product\/lniane-kimono-zodiak\/","title":{"rendered":"Lniane kimono Zodiak"},"content":{"rendered":"<p>Lniane kimono Zodiak \u2014 to p\u0142aszcz w stylu kimono wykonany w 100% z naturalnego lnu w kolorze czarny grafit.<\/p>\n<p data-start=\"193\" data-end=\"265\">Lekkie, stylowe i uniwersalne \u2014 idealne uzupe\u0142nienie Twojej garderoby.<\/p>\n<p data-start=\"267\" data-end=\"350\">Autorski nadruk Zodiak na plecach dodaje wyj\u0105tkowo\u015bci i szczeg\u00f3lnego znaczenia.<\/p>\n<p data-start=\"352\" data-end=\"490\">Kimono pasuje do ka\u017cdej stylizacji:<br data-start=\"387\" data-end=\"390\" \/>\u2014 jako lekki p\u0142aszcz,<br data-start=\"411\" data-end=\"414\" \/>\u2014 w po\u0142\u0105czeniu z sukienkami, d\u017cinsami,<br data-start=\"452\" data-end=\"455\" \/>\u2014 a nawet jako total look z lnem.<\/p>\n<p data-start=\"492\" data-end=\"553\">To kimono stanie si\u0119 akcentowym elementem Twojej garderoby.<\/p>\n<p>Szczeg\u00f3\u0142y produktu:<\/p>\n<ul>\n<li>KOLOR: Czarny grafit<\/li>\n<li>DEKOLT: W kszta\u0142cie litery V<\/li>\n<li>R\u0118KAWY: \u00be<\/li>\n<li>KIESZENIE: Boczne, ukryte w szwach<\/li>\n<li>PASEK: Wykonany z tego samego materia\u0142u, wi\u0105zany<\/li>\n<li>ROZCI\u0118CIA PO BOKACH: Dla wi\u0119kszego komfortu i swobody ruch\u00f3w<\/li>\n<li>NADRUK: na plecach autorski wz\u00f3r w formie ko\u0142a zodiakalnego \u2013 unikalne miniatury wszystkich znak\u00f3w zodiaku na tle gwia\u017adzistego nieba<\/li>\n<\/ul>\n<p>Materia\u0142y:<\/p>\n<ul>\n<li>TKANINA ZEWN\u0118TRZNA: 100% len, 350 g \u2014 ci\u0119\u017cki len odpowiedni na odzie\u017c wierzchni\u0105<\/li>\n<li>PODSZEWKA: 100% wiskoza<\/li>\n<\/ul>\n<p>Modelka ma 178 cm wzrostu i nosi rozmiar M\u2013L.<\/p>\n<p>Kimono ma lu\u017any kr\u00f3j i pasuje do r\u00f3\u017cnych sylwetek.<a href=\"https:\/\/svyatna.com\/wp-content\/uploads\/2024\/02\/wykroj-kimono-2023-ok-2025-1-01.png\"><img loading=\"lazy\" decoding=\"async\" class=\"size-medium wp-image-5521 alignright\" src=\"https:\/\/svyatna.com\/wp-content\/uploads\/2024\/02\/wykroj-kimono-2023-ok-2025-1-01-291x300.png\" alt=\"\" width=\"291\" height=\"300\" srcset=\"https:\/\/svyatna.com\/wp-content\/uploads\/2024\/02\/wykroj-kimono-2023-ok-2025-1-01-291x300.png 291w, https:\/\/svyatna.com\/wp-content\/uploads\/2024\/02\/wykroj-kimono-2023-ok-2025-1-01-992x1024.png 992w, https:\/\/svyatna.com\/wp-content\/uploads\/2024\/02\/wykroj-kimono-2023-ok-2025-1-01-768x793.png 768w, https:\/\/svyatna.com\/wp-content\/uploads\/2024\/02\/wykroj-kimono-2023-ok-2025-1-01-1487x1536.png 1487w, https:\/\/svyatna.com\/wp-content\/uploads\/2024\/02\/wykroj-kimono-2023-ok-2025-1-01-1983x2048.png 1983w, https:\/\/svyatna.com\/wp-content\/uploads\/2024\/02\/wykroj-kimono-2023-ok-2025-1-01-500x516.png 500w, https:\/\/svyatna.com\/wp-content\/uploads\/2024\/02\/wykroj-kimono-2023-ok-2025-1-01-640x661.png 640w, https:\/\/svyatna.com\/wp-content\/uploads\/2024\/02\/wykroj-kimono-2023-ok-2025-1-01-64x66.png 64w\" sizes=\"auto, (max-width: 291px) 100vw, 291px\" \/><script type=\"application\/ld+json\">{\"@context\":\"https:\/\/schema.org\",\"@type\":\"ImageObject\",\"url\":\"https:\/\/svyatna.com\/wp-content\/uploads\/2024\/02\/wykroj-kimono-2023-ok-2025-1-01-291x300.png\",\"width\":\"291\",\"height\":\"300\"}<\/script><\/a><\/p>\n<h3><strong>Tabela wymiar\u00f3w produktu:<\/strong><\/h3>\n<p style=\"text-align: left;\">\u00a0 \u00a0 \u00a0 \u00a0 \u00a0 \u00a0 \u00a0cm\u00a0 \u00a0 \u00a0 \u00a0 \u00a0 \u00a0 \u00a0 \u00a0 \u00a0 \u00a0 \u00a0 \u00a0 \u00a0 \u00a0 \u00a0 \u00a0 \u00a0 \u00a0 \u00a0 \u00a0XS-S\u00a0 \u00a0 \u00a0 \u00a0 M-L<\/p>\n<p style=\"text-align: left;\">A \u2013 szeroko\u015b\u0107 klatki piersiowej\u00a0 \u00a0 \u00a0 \u00a0 \u00a0 66\u00a0 \u00a0 \u00a0 \u00a0 \u00a0 \u00a072<\/p>\n<p style=\"text-align: left;\">B \u2013 d\u0142ugo\u015b\u0107 produktu\u00a0 \u00a0 \u00a0 \u00a0 \u00a0 \u00a0 \u00a0 \u00a0 \u00a0 \u00a0 \u00a0 \u00a0 120\u00a0\u00a0\u00a0 \u00a0\u00a0\u00a0\u00a0120<\/p>\n<p style=\"text-align: left;\">C \u2013 szeroko\u015b\u0107 r\u0119kawa\u00a0 \u00a0 \u00a0 \u00a0 \u00a0 \u00a0 \u00a0 \u00a0 \u00a0 \u00a0 \u00a0 \u00a0 28\u00a0 \u00a0 \u00a0 \u00a0 \u00a0 30<\/p>\n<p>&nbsp;<\/p>\n<p>Ka\u017cde lniane kimono Zodiak to dzie\u0142o sztuki, kt\u00f3re podkre\u015bla Twoj\u0105 indywidualno\u015b\u0107.<\/p>\n<p data-start=\"1198\" data-end=\"1251\">Zam\u00f3w teraz!<\/p>\n<p>Prosz\u0119 si\u0119 nie martwi\u0107, je\u015bli rozmiar lub fason nie b\u0119dzie pasowa\u0142 \u2014 u nas proste <a href=\"https:\/\/svyatna.com\/pl\/zwrot-towarow\/\">zwroty.<\/a><\/p>\n<p><a href=\"https:\/\/svyatna.com\/pl\/kontakt\/\">Masz pytania? Skontaktuj si\u0119 z nami!<\/a><\/p>\n","protected":false},"excerpt":{"rendered":"<p>Damska kolekcja kimona Svyatna<\/p>\n<p>KOLOR: Czarny grafit<\/p>\n<p>TKANINA: 100% len<\/p>\n<p>&nbsp;<\/p>\n<p>&nbsp;<\/p>\n","protected":false},"featured_media":5576,"comment_status":"open","ping_status":"closed","template":"","meta":[],"product_brand":[],"product_cat":[93],"product_tag":[],"class_list":{"0":"post-3765","1":"product","2":"type-product","3":"status-publish","4":"has-post-thumbnail","5":"","6":"product_cat-damskie-kimono-wykonane-z-lnu","8":"first","9":"instock","10":"shipping-taxable","11":"purchasable","12":"product-type-variable"},"yoast_head":"<!-- This site is optimized with the Yoast SEO plugin v27.5 - https:\/\/yoast.com\/product\/yoast-seo-wordpress\/ -->\n<title>Lniane kimono Zodiak kolor czarny grafit<\/title>\n<meta name=\"description\" content=\"Prezentujemy lniane kimono Zodiak, kolor czarny grafit, tkanina 100% len, nadruk na plecach - 12 znak\u00f3w zodiaku, rysunek utalentowanego ukrai\u0144skiego artysty\" \/>\n<meta name=\"robots\" content=\"index, follow, max-snippet:-1, max-image-preview:large, max-video-preview:-1\" \/>\n<link rel=\"canonical\" href=\"https:\/\/svyatna.com\/pl\/product\/lniane-kimono-zodiak\/\" \/>\n<meta property=\"og:locale\" content=\"pl_PL\" \/>\n<meta property=\"og:type\" content=\"article\" \/>\n<meta property=\"og:title\" content=\"Lniane kimono Zodiak kolor czarny grafit\" \/>\n<meta property=\"og:description\" content=\"Prezentujemy lniane kimono Zodiak, kolor czarny grafit, tkanina 100% len, nadruk na plecach - 12 znak\u00f3w zodiaku, rysunek utalentowanego ukrai\u0144skiego artysty\" \/>\n<meta property=\"og:url\" content=\"https:\/\/svyatna.com\/pl\/product\/lniane-kimono-zodiak\/\" \/>\n<meta property=\"og:site_name\" content=\"svyatna\" \/>\n<meta property=\"article:modified_time\" content=\"2025-08-26T09:17:37+00:00\" \/>\n<meta property=\"og:image\" content=\"https:\/\/svyatna.com\/wp-content\/uploads\/2024\/02\/kimono-lliane-zodiak-ot-ewy.jpg\" \/>\n\t<meta property=\"og:image:width\" content=\"1706\" \/>\n\t<meta property=\"og:image:height\" content=\"2559\" \/>\n\t<meta property=\"og:image:type\" content=\"image\/jpeg\" \/>\n<meta name=\"twitter:card\" content=\"summary_large_image\" \/>\n<meta name=\"twitter:label1\" content=\"Szacowany czas czytania\" \/>\n\t<meta name=\"twitter:data1\" content=\"2 minuty\" \/>\n<script type=\"application\/ld+json\" class=\"yoast-schema-graph\">{\"@context\":\"https:\\\/\\\/schema.org\",\"@graph\":[{\"@type\":\"WebPage\",\"@id\":\"https:\\\/\\\/svyatna.com\\\/pl\\\/product\\\/lniane-kimono-zodiak\\\/\",\"url\":\"https:\\\/\\\/svyatna.com\\\/pl\\\/product\\\/lniane-kimono-zodiak\\\/\",\"name\":\"Lniane kimono Zodiak kolor czarny grafit\",\"isPartOf\":{\"@id\":\"https:\\\/\\\/svyatna.com\\\/#website\"},\"primaryImageOfPage\":{\"@id\":\"https:\\\/\\\/svyatna.com\\\/pl\\\/product\\\/lniane-kimono-zodiak\\\/#primaryimage\"},\"image\":{\"@id\":\"https:\\\/\\\/svyatna.com\\\/pl\\\/product\\\/lniane-kimono-zodiak\\\/#primaryimage\"},\"thumbnailUrl\":\"https:\\\/\\\/svyatna.com\\\/wp-content\\\/uploads\\\/2024\\\/02\\\/kimono-lliane-zodiak-ot-ewy.jpg\",\"datePublished\":\"2024-02-17T20:06:09+00:00\",\"dateModified\":\"2025-08-26T09:17:37+00:00\",\"description\":\"Prezentujemy lniane kimono Zodiak, kolor czarny grafit, tkanina 100% len, nadruk na plecach - 12 znak\u00f3w zodiaku, rysunek utalentowanego ukrai\u0144skiego artysty\",\"breadcrumb\":{\"@id\":\"https:\\\/\\\/svyatna.com\\\/pl\\\/product\\\/lniane-kimono-zodiak\\\/#breadcrumb\"},\"inLanguage\":\"pl-PL\",\"potentialAction\":[{\"@type\":\"ReadAction\",\"target\":[\"https:\\\/\\\/svyatna.com\\\/pl\\\/product\\\/lniane-kimono-zodiak\\\/\"]}]},{\"@type\":\"ImageObject\",\"inLanguage\":\"pl-PL\",\"@id\":\"https:\\\/\\\/svyatna.com\\\/pl\\\/product\\\/lniane-kimono-zodiak\\\/#primaryimage\",\"url\":\"https:\\\/\\\/svyatna.com\\\/wp-content\\\/uploads\\\/2024\\\/02\\\/kimono-lliane-zodiak-ot-ewy.jpg\",\"contentUrl\":\"https:\\\/\\\/svyatna.com\\\/wp-content\\\/uploads\\\/2024\\\/02\\\/kimono-lliane-zodiak-ot-ewy.jpg\",\"width\":1706,\"height\":2559,\"caption\":\"\u041a\u0456\u043c\u043e\u043d\u043e \u043b\u043b\u044f\u043d\u0435 \u0417\u043e\u0434\u0456\u0430\u043a\"},{\"@type\":\"BreadcrumbList\",\"@id\":\"https:\\\/\\\/svyatna.com\\\/pl\\\/product\\\/lniane-kimono-zodiak\\\/#breadcrumb\",\"itemListElement\":[{\"@type\":\"ListItem\",\"position\":1,\"name\":\"\u0413\u043b\u0430\u0432\u043d\u0430\u044f \u0441\u0442\u0440\u0430\u043d\u0438\u0446\u0430\",\"item\":\"https:\\\/\\\/svyatna.com\\\/\"},{\"@type\":\"ListItem\",\"position\":2,\"name\":\"\u0422\u043e\u0432\u0430\u0440\u044b\",\"item\":\"https:\\\/\\\/svyatna.com\\\/internet-magazin-zhenskoj-odezhdy\\\/\"},{\"@type\":\"ListItem\",\"position\":3,\"name\":\"Lniane kimono Zodiak\"}]},{\"@type\":\"WebSite\",\"@id\":\"https:\\\/\\\/svyatna.com\\\/#website\",\"url\":\"https:\\\/\\\/svyatna.com\\\/\",\"name\":\"https:\\\/\\\/svyatna.com\\\/\",\"description\":\"Sklep internetowy Svyatna to nowa unikalna ukrai\u0144sko-polska marka odzie\u017cowa.\",\"potentialAction\":[{\"@type\":\"SearchAction\",\"target\":{\"@type\":\"EntryPoint\",\"urlTemplate\":\"https:\\\/\\\/svyatna.com\\\/?s={search_term_string}\"},\"query-input\":{\"@type\":\"PropertyValueSpecification\",\"valueRequired\":true,\"valueName\":\"search_term_string\"}}],\"inLanguage\":\"pl-PL\"}]}<\/script>\n<!-- \/ Yoast SEO plugin. -->","yoast_head_json":{"title":"Lniane kimono Zodiak kolor czarny grafit","description":"Prezentujemy lniane kimono Zodiak, kolor czarny grafit, tkanina 100% len, nadruk na plecach - 12 znak\u00f3w zodiaku, rysunek utalentowanego ukrai\u0144skiego artysty","robots":{"index":"index","follow":"follow","max-snippet":"max-snippet:-1","max-image-preview":"max-image-preview:large","max-video-preview":"max-video-preview:-1"},"canonical":"https:\/\/svyatna.com\/pl\/product\/lniane-kimono-zodiak\/","og_locale":"pl_PL","og_type":"article","og_title":"Lniane kimono Zodiak kolor czarny grafit","og_description":"Prezentujemy lniane kimono Zodiak, kolor czarny grafit, tkanina 100% len, nadruk na plecach - 12 znak\u00f3w zodiaku, rysunek utalentowanego ukrai\u0144skiego artysty","og_url":"https:\/\/svyatna.com\/pl\/product\/lniane-kimono-zodiak\/","og_site_name":"svyatna","article_modified_time":"2025-08-26T09:17:37+00:00","og_image":[{"width":1706,"height":2559,"url":"https:\/\/svyatna.com\/wp-content\/uploads\/2024\/02\/kimono-lliane-zodiak-ot-ewy.jpg","type":"image\/jpeg"}],"twitter_card":"summary_large_image","twitter_misc":{"Szacowany czas czytania":"2 minuty"},"schema":{"@context":"https:\/\/schema.org","@graph":[{"@type":"WebPage","@id":"https:\/\/svyatna.com\/pl\/product\/lniane-kimono-zodiak\/","url":"https:\/\/svyatna.com\/pl\/product\/lniane-kimono-zodiak\/","name":"Lniane kimono Zodiak kolor czarny grafit","isPartOf":{"@id":"https:\/\/svyatna.com\/#website"},"primaryImageOfPage":{"@id":"https:\/\/svyatna.com\/pl\/product\/lniane-kimono-zodiak\/#primaryimage"},"image":{"@id":"https:\/\/svyatna.com\/pl\/product\/lniane-kimono-zodiak\/#primaryimage"},"thumbnailUrl":"https:\/\/svyatna.com\/wp-content\/uploads\/2024\/02\/kimono-lliane-zodiak-ot-ewy.jpg","datePublished":"2024-02-17T20:06:09+00:00","dateModified":"2025-08-26T09:17:37+00:00","description":"Prezentujemy lniane kimono Zodiak, kolor czarny grafit, tkanina 100% len, nadruk na plecach - 12 znak\u00f3w zodiaku, rysunek utalentowanego ukrai\u0144skiego artysty","breadcrumb":{"@id":"https:\/\/svyatna.com\/pl\/product\/lniane-kimono-zodiak\/#breadcrumb"},"inLanguage":"pl-PL","potentialAction":[{"@type":"ReadAction","target":["https:\/\/svyatna.com\/pl\/product\/lniane-kimono-zodiak\/"]}]},{"@type":"ImageObject","inLanguage":"pl-PL","@id":"https:\/\/svyatna.com\/pl\/product\/lniane-kimono-zodiak\/#primaryimage","url":"https:\/\/svyatna.com\/wp-content\/uploads\/2024\/02\/kimono-lliane-zodiak-ot-ewy.jpg","contentUrl":"https:\/\/svyatna.com\/wp-content\/uploads\/2024\/02\/kimono-lliane-zodiak-ot-ewy.jpg","width":1706,"height":2559,"caption":"\u041a\u0456\u043c\u043e\u043d\u043e \u043b\u043b\u044f\u043d\u0435 \u0417\u043e\u0434\u0456\u0430\u043a"},{"@type":"BreadcrumbList","@id":"https:\/\/svyatna.com\/pl\/product\/lniane-kimono-zodiak\/#breadcrumb","itemListElement":[{"@type":"ListItem","position":1,"name":"\u0413\u043b\u0430\u0432\u043d\u0430\u044f \u0441\u0442\u0440\u0430\u043d\u0438\u0446\u0430","item":"https:\/\/svyatna.com\/"},{"@type":"ListItem","position":2,"name":"\u0422\u043e\u0432\u0430\u0440\u044b","item":"https:\/\/svyatna.com\/internet-magazin-zhenskoj-odezhdy\/"},{"@type":"ListItem","position":3,"name":"Lniane kimono Zodiak"}]},{"@type":"WebSite","@id":"https:\/\/svyatna.com\/#website","url":"https:\/\/svyatna.com\/","name":"https:\/\/svyatna.com\/","description":"Sklep internetowy Svyatna to nowa unikalna ukrai\u0144sko-polska marka odzie\u017cowa.","potentialAction":[{"@type":"SearchAction","target":{"@type":"EntryPoint","urlTemplate":"https:\/\/svyatna.com\/?s={search_term_string}"},"query-input":{"@type":"PropertyValueSpecification","valueRequired":true,"valueName":"search_term_string"}}],"inLanguage":"pl-PL"}]}},"_links":{"self":[{"href":"https:\/\/svyatna.com\/pl\/wp-json\/wp\/v2\/product\/3765","targetHints":{"allow":["GET"]}}],"collection":[{"href":"https:\/\/svyatna.com\/pl\/wp-json\/wp\/v2\/product"}],"about":[{"href":"https:\/\/svyatna.com\/pl\/wp-json\/wp\/v2\/types\/product"}],"replies":[{"embeddable":true,"href":"https:\/\/svyatna.com\/pl\/wp-json\/wp\/v2\/comments?post=3765"}],"wp:featuredmedia":[{"embeddable":true,"href":"https:\/\/svyatna.com\/pl\/wp-json\/wp\/v2\/media\/5576"}],"wp:attachment":[{"href":"https:\/\/svyatna.com\/pl\/wp-json\/wp\/v2\/media?parent=3765"}],"wp:term":[{"taxonomy":"product_brand","embeddable":true,"href":"https:\/\/svyatna.com\/pl\/wp-json\/wp\/v2\/product_brand?post=3765"},{"taxonomy":"product_cat","embeddable":true,"href":"https:\/\/svyatna.com\/pl\/wp-json\/wp\/v2\/product_cat?post=3765"},{"taxonomy":"product_tag","embeddable":true,"href":"https:\/\/svyatna.com\/pl\/wp-json\/wp\/v2\/product_tag?post=3765"}],"curies":[{"name":"wp","href":"https:\/\/api.w.org\/{rel}","templated":true}]}}