{"id":4207,"date":"2024-06-11T20:26:00","date_gmt":"2024-06-11T18:26:00","guid":{"rendered":"https:\/\/svyatna.com\/zwrot-towarow\/"},"modified":"2024-08-02T22:17:30","modified_gmt":"2024-08-02T20:17:30","slug":"zwrot-towarow","status":"publish","type":"page","link":"https:\/\/svyatna.com\/pl\/zwrot-towarow\/","title":{"rendered":"ZWROT TOWAR\u00d3W"},"content":{"rendered":"\n<p>U\u017cytkownik mo\u017ce odst\u0105pi\u0107 od umowy w terminie 14 (czternastu) dni od dnia dostarczenia przedmiotu umowy (zam\u00f3wionego towaru).<br>Przed up\u0142ywem wskazanego terminu nale\u017cy wys\u0142a\u0107 \u017c\u0105danie zwrotu towaru poczt\u0105 elektroniczn\u0105 na adres: <a href=\"mailto:infosvyatna@gmail.com\">infosvyatna@gmail.com<\/a><br>W zg\u0142oszeniu nale\u017cy poda\u0107 numer zam\u00f3wienia, imi\u0119 i nazwisko oraz spos\u00f3b zwrotu pieni\u0119dzy.<br>Niezw\u0142ocznie zwr\u00f3\u0107 nam zwracany towar (w stanie, w jakim otrzyma\u0142e\u015b zam\u00f3wiony towar, nieuszkodzony i bez \u015blad\u00f3w u\u017cytkowania) na nast\u0119puj\u0105cy adres: 01-373 Polska Warszawa ul. Jana Olbrachta 118 B lok. 34.<br>Koszt zwrotu towar\u00f3w jest pokrywany przez u\u017cytkownika. Zwroty nie b\u0119d\u0105 przyjmowane bez pokrycia koszt\u00f3w wysy\u0142ki zwrotnej.<br>Koszt zakupionego towaru zostanie zwr\u00f3cony w ci\u0105gu 14 dni od otrzymania zwrotu zakupionego towaru przy u\u017cyciu takiego samego sposobu zap\u0142aty, jakiego u\u017cy\u0142e\u015b lub w inny spos\u00f3b zwrotu towaru okre\u015blony w zg\u0142oszeniu.<\/p>\n\n\n\n<p><\/p>\n\n\n\n<p><\/p>\n\n\n\n<p><\/p>\n\n\n\n<p><\/p>\n\n\n\n<p><\/p>\n\n\n\n<div id=\"ak_returns_banner_0c6bb8d0-20ce-4e2f-84f4-523996bb5140\"> <\/div>\n<p> <\/p>\n\n\n\n<p>&nbsp;<\/p>\n\n\n\n<p>&nbsp;<\/p>\n","protected":false},"excerpt":{"rendered":"<p>U\u017cytkownik mo\u017ce odst\u0105pi\u0107 od umowy w terminie 14 (czternastu) dni od dnia dostarczenia przedmiotu umowy (zam\u00f3wionego towaru).Przed up\u0142ywem wskazanego terminu nale\u017cy wys\u0142a\u0107 \u017c\u0105danie zwrotu towaru poczt\u0105 elektroniczn\u0105 na adres: infosvyatna@gmail.comW zg\u0142oszeniu nale\u017cy poda\u0107 numer zam\u00f3wienia, imi\u0119 i nazwisko oraz spos\u00f3b zwrotu pieni\u0119dzy.Niezw\u0142ocznie zwr\u00f3\u0107 nam zwracany towar (w stanie, w jakim otrzyma\u0142e\u015b zam\u00f3wiony towar, nieuszkodzony i [&hellip;]<\/p>\n","protected":false},"author":8,"featured_media":0,"parent":0,"menu_order":0,"comment_status":"closed","ping_status":"closed","template":"","meta":{"footnotes":""},"class_list":["post-4207","page","type-page","status-publish",""],"yoast_head":"<!-- This site is optimized with the Yoast SEO plugin v27.5 - https:\/\/yoast.com\/product\/yoast-seo-wordpress\/ -->\n<title>ZWROT TOWAR\u00d3W - svyatna<\/title>\n<meta name=\"robots\" content=\"index, follow, max-snippet:-1, max-image-preview:large, max-video-preview:-1\" \/>\n<link rel=\"canonical\" href=\"https:\/\/svyatna.com\/povernennya-tovaru\/\" \/>\n<meta property=\"og:locale\" content=\"pl_PL\" \/>\n<meta property=\"og:type\" content=\"article\" \/>\n<meta property=\"og:title\" content=\"ZWROT TOWAR\u00d3W - svyatna\" \/>\n<meta property=\"og:description\" content=\"U\u017cytkownik mo\u017ce odst\u0105pi\u0107 od umowy w terminie 14 (czternastu) dni od dnia dostarczenia przedmiotu umowy (zam\u00f3wionego towaru).Przed up\u0142ywem wskazanego terminu nale\u017cy wys\u0142a\u0107 \u017c\u0105danie zwrotu towaru poczt\u0105 elektroniczn\u0105 na adres: infosvyatna@gmail.comW zg\u0142oszeniu nale\u017cy poda\u0107 numer zam\u00f3wienia, imi\u0119 i nazwisko oraz spos\u00f3b zwrotu pieni\u0119dzy.Niezw\u0142ocznie zwr\u00f3\u0107 nam zwracany towar (w stanie, w jakim otrzyma\u0142e\u015b zam\u00f3wiony towar, nieuszkodzony i [&hellip;]\" \/>\n<meta property=\"og:url\" content=\"https:\/\/svyatna.com\/povernennya-tovaru\/\" \/>\n<meta property=\"og:site_name\" content=\"svyatna\" \/>\n<meta property=\"article:modified_time\" content=\"2024-08-02T20:17:30+00:00\" \/>\n<meta name=\"twitter:card\" content=\"summary_large_image\" \/>\n<meta name=\"twitter:label1\" content=\"Szacowany czas czytania\" \/>\n\t<meta name=\"twitter:data1\" content=\"1 minuta\" \/>\n<script type=\"application\/ld+json\" class=\"yoast-schema-graph\">{\"@context\":\"https:\\\/\\\/schema.org\",\"@graph\":[{\"@type\":\"WebPage\",\"@id\":\"https:\\\/\\\/svyatna.com\\\/povernennya-tovaru\\\/\",\"url\":\"https:\\\/\\\/svyatna.com\\\/povernennya-tovaru\\\/\",\"name\":\"ZWROT TOWAR\u00d3W - svyatna\",\"isPartOf\":{\"@id\":\"https:\\\/\\\/svyatna.com\\\/#website\"},\"datePublished\":\"2024-06-11T18:26:00+00:00\",\"dateModified\":\"2024-08-02T20:17:30+00:00\",\"breadcrumb\":{\"@id\":\"https:\\\/\\\/svyatna.com\\\/povernennya-tovaru\\\/#breadcrumb\"},\"inLanguage\":\"pl-PL\",\"potentialAction\":[{\"@type\":\"ReadAction\",\"target\":[\"https:\\\/\\\/svyatna.com\\\/povernennya-tovaru\\\/\"]}]},{\"@type\":\"BreadcrumbList\",\"@id\":\"https:\\\/\\\/svyatna.com\\\/povernennya-tovaru\\\/#breadcrumb\",\"itemListElement\":[{\"@type\":\"ListItem\",\"position\":1,\"name\":\"\u0413\u043b\u0430\u0432\u043d\u0430\u044f \u0441\u0442\u0440\u0430\u043d\u0438\u0446\u0430\",\"item\":\"https:\\\/\\\/svyatna.com\\\/\"},{\"@type\":\"ListItem\",\"position\":2,\"name\":\"ZWROT TOWAR\u00d3W\"}]},{\"@type\":\"WebSite\",\"@id\":\"https:\\\/\\\/svyatna.com\\\/#website\",\"url\":\"https:\\\/\\\/svyatna.com\\\/\",\"name\":\"https:\\\/\\\/svyatna.com\\\/\",\"description\":\"Sklep internetowy Svyatna to nowa unikalna ukrai\u0144sko-polska marka odzie\u017cowa.\",\"potentialAction\":[{\"@type\":\"SearchAction\",\"target\":{\"@type\":\"EntryPoint\",\"urlTemplate\":\"https:\\\/\\\/svyatna.com\\\/?s={search_term_string}\"},\"query-input\":{\"@type\":\"PropertyValueSpecification\",\"valueRequired\":true,\"valueName\":\"search_term_string\"}}],\"inLanguage\":\"pl-PL\"}]}<\/script>\n<!-- \/ Yoast SEO plugin. -->","yoast_head_json":{"title":"ZWROT TOWAR\u00d3W - svyatna","robots":{"index":"index","follow":"follow","max-snippet":"max-snippet:-1","max-image-preview":"max-image-preview:large","max-video-preview":"max-video-preview:-1"},"canonical":"https:\/\/svyatna.com\/povernennya-tovaru\/","og_locale":"pl_PL","og_type":"article","og_title":"ZWROT TOWAR\u00d3W - svyatna","og_description":"U\u017cytkownik mo\u017ce odst\u0105pi\u0107 od umowy w terminie 14 (czternastu) dni od dnia dostarczenia przedmiotu umowy (zam\u00f3wionego towaru).Przed up\u0142ywem wskazanego terminu nale\u017cy wys\u0142a\u0107 \u017c\u0105danie zwrotu towaru poczt\u0105 elektroniczn\u0105 na adres: infosvyatna@gmail.comW zg\u0142oszeniu nale\u017cy poda\u0107 numer zam\u00f3wienia, imi\u0119 i nazwisko oraz spos\u00f3b zwrotu pieni\u0119dzy.Niezw\u0142ocznie zwr\u00f3\u0107 nam zwracany towar (w stanie, w jakim otrzyma\u0142e\u015b zam\u00f3wiony towar, nieuszkodzony i [&hellip;]","og_url":"https:\/\/svyatna.com\/povernennya-tovaru\/","og_site_name":"svyatna","article_modified_time":"2024-08-02T20:17:30+00:00","twitter_card":"summary_large_image","twitter_misc":{"Szacowany czas czytania":"1 minuta"},"schema":{"@context":"https:\/\/schema.org","@graph":[{"@type":"WebPage","@id":"https:\/\/svyatna.com\/povernennya-tovaru\/","url":"https:\/\/svyatna.com\/povernennya-tovaru\/","name":"ZWROT TOWAR\u00d3W - svyatna","isPartOf":{"@id":"https:\/\/svyatna.com\/#website"},"datePublished":"2024-06-11T18:26:00+00:00","dateModified":"2024-08-02T20:17:30+00:00","breadcrumb":{"@id":"https:\/\/svyatna.com\/povernennya-tovaru\/#breadcrumb"},"inLanguage":"pl-PL","potentialAction":[{"@type":"ReadAction","target":["https:\/\/svyatna.com\/povernennya-tovaru\/"]}]},{"@type":"BreadcrumbList","@id":"https:\/\/svyatna.com\/povernennya-tovaru\/#breadcrumb","itemListElement":[{"@type":"ListItem","position":1,"name":"\u0413\u043b\u0430\u0432\u043d\u0430\u044f \u0441\u0442\u0440\u0430\u043d\u0438\u0446\u0430","item":"https:\/\/svyatna.com\/"},{"@type":"ListItem","position":2,"name":"ZWROT TOWAR\u00d3W"}]},{"@type":"WebSite","@id":"https:\/\/svyatna.com\/#website","url":"https:\/\/svyatna.com\/","name":"https:\/\/svyatna.com\/","description":"Sklep internetowy Svyatna to nowa unikalna ukrai\u0144sko-polska marka odzie\u017cowa.","potentialAction":[{"@type":"SearchAction","target":{"@type":"EntryPoint","urlTemplate":"https:\/\/svyatna.com\/?s={search_term_string}"},"query-input":{"@type":"PropertyValueSpecification","valueRequired":true,"valueName":"search_term_string"}}],"inLanguage":"pl-PL"}]}},"_links":{"self":[{"href":"https:\/\/svyatna.com\/pl\/wp-json\/wp\/v2\/pages\/4207","targetHints":{"allow":["GET"]}}],"collection":[{"href":"https:\/\/svyatna.com\/pl\/wp-json\/wp\/v2\/pages"}],"about":[{"href":"https:\/\/svyatna.com\/pl\/wp-json\/wp\/v2\/types\/page"}],"author":[{"embeddable":true,"href":"https:\/\/svyatna.com\/pl\/wp-json\/wp\/v2\/users\/8"}],"replies":[{"embeddable":true,"href":"https:\/\/svyatna.com\/pl\/wp-json\/wp\/v2\/comments?post=4207"}],"version-history":[{"count":15,"href":"https:\/\/svyatna.com\/pl\/wp-json\/wp\/v2\/pages\/4207\/revisions"}],"predecessor-version":[{"id":5244,"href":"https:\/\/svyatna.com\/pl\/wp-json\/wp\/v2\/pages\/4207\/revisions\/5244"}],"wp:attachment":[{"href":"https:\/\/svyatna.com\/pl\/wp-json\/wp\/v2\/media?parent=4207"}],"curies":[{"name":"wp","href":"https:\/\/api.w.org\/{rel}","templated":true}]}}