{"id":3637,"date":"2020-06-20T14:02:18","date_gmt":"2020-06-20T12:02:18","guid":{"rendered":"https:\/\/svyatna.com\/?page_id=3637"},"modified":"2025-08-07T10:36:08","modified_gmt":"2025-08-07T08:36:08","slug":"internet-magazin-zhenskoj-odezhdy","status":"publish","type":"page","link":"https:\/\/svyatna.com\/pl\/internet-magazin-zhenskoj-odezhdy\/","title":{"rendered":"O nas"},"content":{"rendered":"\n<div class=\"wp-block-media-text has-media-on-the-right is-stacked-on-mobile hero-video\" style=\"grid-template-columns:auto 53%\"><div class=\"wp-block-media-text__content\">\n<p>Len.<br>Przestrze\u0144.<br>Cisza.<\/p>\n\n\n\n<p>Tworzymy p\u0142aszcze-kimona z ci\u0119\u017ckiego lnu.<br>Ograniczone. \u015awiadome.<\/p>\n\n\n\n<p>Nic zb\u0119dnego \u2014 tylko Ty, forma i sens.<br>Bez po\u015bpiechu. Bez ha\u0142asu. Bez plastiku.<\/p>\n\n\n\n<p>Nie szyjemy setkami.<br>Nie ma \u201ewiosna\u2013lato\u201d.<br>Jest nadruk, kt\u00f3ry czeka\u0142 w\u0142a\u015bnie na Ciebie.<br>I kr\u00f3j, kt\u00f3ry nie narzuca.<\/p>\n\n\n\n<p>To nie jest rzecz.<br>To spok\u00f3j, kt\u00f3ry mo\u017cesz nosi\u0107.<\/p>\n\n\n\n<p><a href=\"https:\/\/svyatna.com\/pl\/kategoria-produktu\/damskie-kimono-wykonane-z-lnu\/\">Wybra\u0107 swoje kimono<\/a><\/p>\n<\/div><figure class=\"wp-block-media-text__media\"><video controls src=\"https:\/\/svyatna.com\/wp-content\/uploads\/2025\/08\/video-pro-nas1.mp4\"><\/video><\/figure><\/div>\n\n\n\n<p class=\"hero-video\"><\/p>\n\n\n\n<p><\/p>\n","protected":false},"excerpt":{"rendered":"<p>Len.Przestrze\u0144.Cisza. Tworzymy p\u0142aszcze-kimona z ci\u0119\u017ckiego lnu.Ograniczone. \u015awiadome. Nic zb\u0119dnego \u2014 tylko Ty, forma i sens.Bez po\u015bpiechu. Bez ha\u0142asu. Bez plastiku. Nie szyjemy setkami.Nie ma \u201ewiosna\u2013lato\u201d.Jest nadruk, kt\u00f3ry czeka\u0142 w\u0142a\u015bnie na Ciebie.I kr\u00f3j, kt\u00f3ry nie narzuca. To nie jest rzecz.To spok\u00f3j, kt\u00f3ry mo\u017cesz nosi\u0107. Wybra\u0107 swoje kimono<\/p>\n","protected":false},"author":8,"featured_media":0,"parent":0,"menu_order":0,"comment_status":"closed","ping_status":"closed","template":"","meta":{"footnotes":""},"class_list":["post-3637","page","type-page","status-publish",""],"yoast_head":"<!-- This site is optimized with the Yoast SEO plugin v27.5 - https:\/\/yoast.com\/product\/yoast-seo-wordpress\/ -->\n<title>Ukrai\u0144sko-polska marka kimon wykonanych z naturalnego lnu<\/title>\n<meta name=\"description\" content=\"Svyatna to wyj\u0105tkowa ukrai\u0144sko-polska marka, kt\u00f3ra \u0142\u0105czy mod\u0119 i sztuk\u0119. Charakterystycznym produktem jest kimono wykonane z naturalnego lnu\" \/>\n<meta name=\"robots\" content=\"index, follow, max-snippet:-1, max-image-preview:large, max-video-preview:-1\" \/>\n<link rel=\"canonical\" href=\"https:\/\/svyatna.com\/pl\/internet-magazin-zhenskoj-odezhdy\/\" \/>\n<meta property=\"og:locale\" content=\"pl_PL\" \/>\n<meta property=\"og:type\" content=\"article\" \/>\n<meta property=\"og:title\" content=\"Ukrai\u0144sko-polska marka kimon wykonanych z naturalnego lnu\" \/>\n<meta property=\"og:description\" content=\"Svyatna to wyj\u0105tkowa ukrai\u0144sko-polska marka, kt\u00f3ra \u0142\u0105czy mod\u0119 i sztuk\u0119. Charakterystycznym produktem jest kimono wykonane z naturalnego lnu\" \/>\n<meta property=\"og:url\" content=\"https:\/\/svyatna.com\/pl\/internet-magazin-zhenskoj-odezhdy\/\" \/>\n<meta property=\"og:site_name\" content=\"svyatna\" \/>\n<meta property=\"article:modified_time\" content=\"2025-08-07T08:36:08+00:00\" \/>\n<meta name=\"twitter:card\" content=\"summary_large_image\" \/>\n<meta name=\"twitter:label1\" content=\"Szacowany czas czytania\" \/>\n\t<meta name=\"twitter:data1\" content=\"1 minuta\" \/>\n<script type=\"application\/ld+json\" class=\"yoast-schema-graph\">{\"@context\":\"https:\\\/\\\/schema.org\",\"@graph\":[{\"@type\":\"WebPage\",\"@id\":\"https:\\\/\\\/svyatna.com\\\/pl\\\/internet-magazin-zhenskoj-odezhdy\\\/\",\"url\":\"https:\\\/\\\/svyatna.com\\\/pl\\\/internet-magazin-zhenskoj-odezhdy\\\/\",\"name\":\"Ukrai\u0144sko-polska marka kimon wykonanych z naturalnego lnu\",\"isPartOf\":{\"@id\":\"https:\\\/\\\/svyatna.com\\\/#website\"},\"datePublished\":\"2020-06-20T12:02:18+00:00\",\"dateModified\":\"2025-08-07T08:36:08+00:00\",\"description\":\"Svyatna to wyj\u0105tkowa ukrai\u0144sko-polska marka, kt\u00f3ra \u0142\u0105czy mod\u0119 i sztuk\u0119. Charakterystycznym produktem jest kimono wykonane z naturalnego lnu\",\"breadcrumb\":{\"@id\":\"https:\\\/\\\/svyatna.com\\\/pl\\\/internet-magazin-zhenskoj-odezhdy\\\/#breadcrumb\"},\"inLanguage\":\"pl-PL\",\"potentialAction\":[{\"@type\":\"ReadAction\",\"target\":[\"https:\\\/\\\/svyatna.com\\\/pl\\\/internet-magazin-zhenskoj-odezhdy\\\/\"]}]},{\"@type\":\"BreadcrumbList\",\"@id\":\"https:\\\/\\\/svyatna.com\\\/pl\\\/internet-magazin-zhenskoj-odezhdy\\\/#breadcrumb\",\"itemListElement\":[{\"@type\":\"ListItem\",\"position\":1,\"name\":\"\u0413\u043b\u0430\u0432\u043d\u0430\u044f \u0441\u0442\u0440\u0430\u043d\u0438\u0446\u0430\",\"item\":\"https:\\\/\\\/svyatna.com\\\/\"},{\"@type\":\"ListItem\",\"position\":2,\"name\":\"O nas\"}]},{\"@type\":\"WebSite\",\"@id\":\"https:\\\/\\\/svyatna.com\\\/#website\",\"url\":\"https:\\\/\\\/svyatna.com\\\/\",\"name\":\"https:\\\/\\\/svyatna.com\\\/\",\"description\":\"Sklep internetowy Svyatna to nowa unikalna ukrai\u0144sko-polska marka odzie\u017cowa.\",\"potentialAction\":[{\"@type\":\"SearchAction\",\"target\":{\"@type\":\"EntryPoint\",\"urlTemplate\":\"https:\\\/\\\/svyatna.com\\\/?s={search_term_string}\"},\"query-input\":{\"@type\":\"PropertyValueSpecification\",\"valueRequired\":true,\"valueName\":\"search_term_string\"}}],\"inLanguage\":\"pl-PL\"}]}<\/script>\n<!-- \/ Yoast SEO plugin. -->","yoast_head_json":{"title":"Ukrai\u0144sko-polska marka kimon wykonanych z naturalnego lnu","description":"Svyatna to wyj\u0105tkowa ukrai\u0144sko-polska marka, kt\u00f3ra \u0142\u0105czy mod\u0119 i sztuk\u0119. Charakterystycznym produktem jest kimono wykonane z naturalnego lnu","robots":{"index":"index","follow":"follow","max-snippet":"max-snippet:-1","max-image-preview":"max-image-preview:large","max-video-preview":"max-video-preview:-1"},"canonical":"https:\/\/svyatna.com\/pl\/internet-magazin-zhenskoj-odezhdy\/","og_locale":"pl_PL","og_type":"article","og_title":"Ukrai\u0144sko-polska marka kimon wykonanych z naturalnego lnu","og_description":"Svyatna to wyj\u0105tkowa ukrai\u0144sko-polska marka, kt\u00f3ra \u0142\u0105czy mod\u0119 i sztuk\u0119. Charakterystycznym produktem jest kimono wykonane z naturalnego lnu","og_url":"https:\/\/svyatna.com\/pl\/internet-magazin-zhenskoj-odezhdy\/","og_site_name":"svyatna","article_modified_time":"2025-08-07T08:36:08+00:00","twitter_card":"summary_large_image","twitter_misc":{"Szacowany czas czytania":"1 minuta"},"schema":{"@context":"https:\/\/schema.org","@graph":[{"@type":"WebPage","@id":"https:\/\/svyatna.com\/pl\/internet-magazin-zhenskoj-odezhdy\/","url":"https:\/\/svyatna.com\/pl\/internet-magazin-zhenskoj-odezhdy\/","name":"Ukrai\u0144sko-polska marka kimon wykonanych z naturalnego lnu","isPartOf":{"@id":"https:\/\/svyatna.com\/#website"},"datePublished":"2020-06-20T12:02:18+00:00","dateModified":"2025-08-07T08:36:08+00:00","description":"Svyatna to wyj\u0105tkowa ukrai\u0144sko-polska marka, kt\u00f3ra \u0142\u0105czy mod\u0119 i sztuk\u0119. Charakterystycznym produktem jest kimono wykonane z naturalnego lnu","breadcrumb":{"@id":"https:\/\/svyatna.com\/pl\/internet-magazin-zhenskoj-odezhdy\/#breadcrumb"},"inLanguage":"pl-PL","potentialAction":[{"@type":"ReadAction","target":["https:\/\/svyatna.com\/pl\/internet-magazin-zhenskoj-odezhdy\/"]}]},{"@type":"BreadcrumbList","@id":"https:\/\/svyatna.com\/pl\/internet-magazin-zhenskoj-odezhdy\/#breadcrumb","itemListElement":[{"@type":"ListItem","position":1,"name":"\u0413\u043b\u0430\u0432\u043d\u0430\u044f \u0441\u0442\u0440\u0430\u043d\u0438\u0446\u0430","item":"https:\/\/svyatna.com\/"},{"@type":"ListItem","position":2,"name":"O nas"}]},{"@type":"WebSite","@id":"https:\/\/svyatna.com\/#website","url":"https:\/\/svyatna.com\/","name":"https:\/\/svyatna.com\/","description":"Sklep internetowy Svyatna to nowa unikalna ukrai\u0144sko-polska marka odzie\u017cowa.","potentialAction":[{"@type":"SearchAction","target":{"@type":"EntryPoint","urlTemplate":"https:\/\/svyatna.com\/?s={search_term_string}"},"query-input":{"@type":"PropertyValueSpecification","valueRequired":true,"valueName":"search_term_string"}}],"inLanguage":"pl-PL"}]}},"_links":{"self":[{"href":"https:\/\/svyatna.com\/pl\/wp-json\/wp\/v2\/pages\/3637","targetHints":{"allow":["GET"]}}],"collection":[{"href":"https:\/\/svyatna.com\/pl\/wp-json\/wp\/v2\/pages"}],"about":[{"href":"https:\/\/svyatna.com\/pl\/wp-json\/wp\/v2\/types\/page"}],"author":[{"embeddable":true,"href":"https:\/\/svyatna.com\/pl\/wp-json\/wp\/v2\/users\/8"}],"replies":[{"embeddable":true,"href":"https:\/\/svyatna.com\/pl\/wp-json\/wp\/v2\/comments?post=3637"}],"version-history":[{"count":132,"href":"https:\/\/svyatna.com\/pl\/wp-json\/wp\/v2\/pages\/3637\/revisions"}],"predecessor-version":[{"id":5457,"href":"https:\/\/svyatna.com\/pl\/wp-json\/wp\/v2\/pages\/3637\/revisions\/5457"}],"wp:attachment":[{"href":"https:\/\/svyatna.com\/pl\/wp-json\/wp\/v2\/media?parent=3637"}],"curies":[{"name":"wp","href":"https:\/\/api.w.org\/{rel}","templated":true}]}}