{"id":3555,"date":"2023-12-12T20:01:52","date_gmt":"2023-12-12T19:01:52","guid":{"rendered":"https:\/\/svyatna.com\/polityka-prywatnosci\/"},"modified":"2024-08-02T22:05:06","modified_gmt":"2024-08-02T20:05:06","slug":"polityka-prywatnosci","status":"publish","type":"page","link":"https:\/\/svyatna.com\/pl\/polityka-prywatnosci\/","title":{"rendered":"POLITYKA PRYWATNO\u015aCI"},"content":{"rendered":"\n<h2 class=\"wp-block-heading\"><strong>I. Czego dotyczy ten dokument?<\/strong><\/h2>\n\n\n\n<p>Niniejsza polityka prywatno\u015bci sklepu internetowego (<strong>&#8222;Polityka<\/strong>&#8222;) ma charakter informacyjny, co oznacza \u017ce nie jest ona \u017ar\u00f3d\u0142em obowi\u0105zk\u00f3w dla u\u017cytkownika (nie jest umow\u0105 ani aktem normatywnym). Celem Polityki jest przejrzyste przedstawienie zasad funkcjonowania sklepu internetowego, a tak\u017ce zasad przetwarzania danych osobowych.<\/p>\n\n\n\n<h2 class=\"wp-block-heading\"><strong>II. Kto jest Administratorem Twoich danych osobowych?<\/strong><\/h2>\n\n\n\n<p><strong>Administratorem Twoich danych osobowych (&#8222;Administrator&#8221;) <\/strong>jest Svyatna, firma obecnie odpowiedzialna za produkcj\u0119 i sprzeda\u017c towar\u00f3w pod mark\u0105 Svyatna. Adres pocztowy: 01-373 Polska Warszawa ul. Jana Olbrachta 118 B lok. 34. Adres e-mail: <a href=\"mailto:infosvyatna@gmail.com\">infosvyatna@gmail.com.<\/a> Z Administratorem mo\u017cna skontaktowa\u0107 si\u0119 pod powy\u017cszym adresem, adresem e-mail lub numerem telefonu: (+48) 500 743 881. Oznacza to, \u017ce regulujemy przetwarzanie i ochron\u0119 danych osobowych u\u017cytkownik\u00f3w.<\/p>\n\n\n\n<h2 class=\"wp-block-heading\"><strong>III. Na jakiej podstawie mamy prawo przetwarza\u0107 dane osobowe u\u017cytkownika?<\/strong><\/h2>\n\n\n\n<p>Administrator przywi\u0105zuje du\u017c\u0105 wag\u0119 do bezpiecze\u0144stwa i legalno\u015bci przetwarzania danych osobowych klient\u00f3w. Dane osobowe Klienta s\u0105 przetwarzane zgodnie z Rozporz\u0105dzeniem Parlamentu Europejskiego i Rady (UE) 2016\/679 z dnia 27 kwietnia 2016 r. w sprawie ochrony os\u00f3b fizycznych w zwi\u0105zku z przetwarzaniem danych osobowych i w sprawie swobodnego przep\u0142ywu takich danych oraz uchylenia dyrektywy 95\/46\/WE (Dz. Urz. UE. L Nr 119, str. 1) (<strong>&#8222;RODO&#8221;<\/strong>) oraz innych obowi\u0105zuj\u0105cych przepis\u00f3w prawa dotycz\u0105cych ochrony danych osobowych. Dane osobowe oznaczaj\u0105 informacje dotycz\u0105ce zidentyfikowanej osoby fizycznej (<strong>&#8222;Dane osobowe<\/strong>&#8222;). Mo\u017cliwa do zidentyfikowania osoba fizyczna to osoba, kt\u00f3r\u0105 mo\u017cna zidentyfikowa\u0107 bezpo\u015brednio lub po\u015brednio, w szczeg\u00f3lno\u015bci na podstawie identyfikatora takiego jak imi\u0119 i nazwisko, numer identyfikacyjny, dane o lokalizacji, identyfikator internetowy lub jeden b\u0105d\u017a kilka szczeg\u00f3lnych czynnik\u00f3w okre\u015blaj\u0105cych fizyczn\u0105, fizjologiczn\u0105, genetyczn\u0105, psychiczn\u0105, ekonomiczn\u0105, kulturow\u0105 lub spo\u0142eczn\u0105 to\u017csamo\u015b\u0107 osoby fizycznej.<\/p>\n\n\n\n<h2 class=\"wp-block-heading\"><strong>IV. W jakim celu przetwarzane s\u0105 dane osobowe?<\/strong><\/h2>\n\n\n\n<p>Twoje dane osobowe mog\u0105 by\u0107 przetwarzane w r\u00f3\u017cnych celach i na r\u00f3\u017cnych podstawach prawnych, w zale\u017cno\u015bci od tego, z jakich funkcji sklepu internetowego korzystasz, w szczeg\u00f3lno\u015bci:<\/p>\n\n\n\n<p><strong>1) Administrowanie rejestracj\u0105 u\u017cytkownika<\/strong> na stronie internetowej. Przetwarzamy dane osobowe u\u017cytkownika, poniewa\u017c jest to konieczne, aby umo\u017cliwi\u0107 mu zarejestrowanie si\u0119 jako u\u017cytkownik strony internetowej. Musimy przetwarza\u0107 dane osobowe u\u017cytkownika, poniewa\u017c w przeciwnym razie nie b\u0119dziemy w stanie zarz\u0105dza\u0107 jego rejestracj\u0105. Uwa\u017camy, \u017ce mamy prawo do powi\u0105zania zakup\u00f3w i dzia\u0142a\u0144 u\u017cytkownika z jego kontem.<\/p>\n\n\n\n<p><strong>2) Zawarcie i wykonanie umowy kupna-sprzeda\u017cy.<\/strong> Przetwarzamy dane osobowe u\u017cytkownika, poniewa\u017c jest to niezb\u0119dne do zawarcia umowy kupna-sprzeda\u017cy.<\/p>\n\n\n\n<p><strong>3) Obs\u0142uga klienta.<\/strong> Uwa\u017camy, \u017ce mamy prawo do odpowiadania na zapytania lub pro\u015bby przesy\u0142ane za po\u015brednictwem r\u00f3\u017cnych kana\u0142\u00f3w komunikacji. Rozumiemy, \u017ce przetwarzanie tych danych jest r\u00f3wnie\u017c korzystne dla u\u017cytkownika, poniewa\u017c pozwala nam odpowiednio pomaga\u0107 u\u017cytkownikowi i odpowiada\u0107 na jego pro\u015bby. Gdy u\u017cytkownik kontaktuje si\u0119 z nami, w szczeg\u00f3lno\u015bci w celu rozwi\u0105zania problem\u00f3w z zam\u00f3wieniami lub produktami zakupionymi za po\u015brednictwem strony internetowej, przetwarzanie jego danych jest niezb\u0119dne do wykonania umowy zakupu. Gdy u\u017cytkownik kontaktuje si\u0119 z nami w celu skorzystania ze swoich praw lub z\u0142o\u017cenia skargi dotycz\u0105cej naszych produkt\u00f3w, mamy prawo do przetwarzania jego danych osobowych w celu wype\u0142nienia naszych zobowi\u0105za\u0144 prawnych.<\/p>\n\n\n\n<p><strong>4) Cele marketingowe, analiza u\u017cyteczno\u015bci i jako\u015bci.  <\/strong>Uwa\u017camy, \u017ce mamy prawo do profilowania na podstawie gromadzonych przez nas informacji o u\u017cytkowniku (takich jak preferencje u\u017cytkownika oraz historia zakup\u00f3w i przegl\u0105dania) oraz informacji podanych przez u\u017cytkownika (takich jak grupa wiekowa lub j\u0119zyk), poniewa\u017c rozumiemy, \u017ce przetwarzanie tych danych jest r\u00f3wnie\u017c korzystne dla u\u017cytkownika, poniewa\u017c pozwala nam poprawi\u0107 komfort u\u017cytkowania i u\u0142atwi\u0107 dost\u0119p do informacji zgodnie z preferencjami u\u017cytkownika. Uwa\u017camy, \u017ce mamy uzasadnione prawo do analizowania do\u015bwiadczenia u\u017cytkownika i satysfakcji u\u017cytkownik\u00f3w strony internetowej, poniewa\u017c rozumiemy, \u017ce przetwarzanie tych danych jest r\u00f3wnie\u017c korzystne dla u\u017cytkownika, poniewa\u017c ma na celu popraw\u0119 do\u015bwiadczenia u\u017cytkownika i jako\u015bci naszych us\u0142ug.<\/p>\n\n\n\n<h2 class=\"wp-block-heading\"><strong>V. Kto mo\u017ce by\u0107 odbiorc\u0105 danych osobowych u\u017cytkownika?<\/strong><\/h2>\n\n\n\n<p>Administratorem danych osobowych jest osoba wskazana w punkcie II niniejszej Polityki.<\/p>\n\n\n\n<p>Ka\u017cdorazowo lista odbiorc\u00f3w danych osobowych przetwarzanych przez Administratora determinowana jest przede wszystkim zakresem us\u0142ug, z kt\u00f3rych korzysta klient. Katalog odbiorc\u00f3w danych wynika tak\u017ce ze zgody klienta lub przepis\u00f3w prawa i jest aktualizowany w wyniku dzia\u0142a\u0144 podejmowanych przez niego w sklepie internetowym. W przetwarzaniu danych osobowych w ograniczonym zakresie mog\u0105 uczestniczy\u0107 partnerzy Administratora, w szczeg\u00f3lno\u015bci organizacje, kt\u00f3re technicznie pomagaj\u0105 w efektywnym funkcjonowaniu sklepu internetowego, w tym w komunikacji z naszymi klientami (przyk\u0142adowo wspieraj\u0105 nas w wysy\u0142ce wiadomo\u015bci e-mail, a w przypadku dzia\u0142a\u0144 reklamowych tak\u017ce w kampaniach marketingowych), dostawcy us\u0142ug hostingowych lub teleinformatycznych, przewo\u017anicy lub po\u015brednicy realizuj\u0105cy dostawy zam\u00f3wie\u0144, podmioty realizuj\u0105ce p\u0142atno\u015bci elektroniczne lub p\u0142atno\u015bci kartami p\u0142atniczymi na rzecz sieci Internet.<\/p>\n\n\n\n<h2 class=\"wp-block-heading\"><strong>VI. Jak chronimy dane osobowe u\u017cytkownik\u00f3w?<\/strong><\/h2>\n\n\n\n<p>Administrator, uwzgl\u0119dniaj\u0105c stan wiedzy technicznej, koszt wdra\u017cania oraz charakter, zakres, kontekst i cele przetwarzania oraz ryzyko naruszenia praw i wolno\u015bci os\u00f3b fizycznych o r\u00f3\u017cnym prawdopodobie\u0144stwie wyst\u0105pienia i wadze zagro\u017cenia, stosuje odpowiednie \u015brodki techniczne i organizacyjne zapewniaj\u0105ce ochron\u0119 przetwarzanych danych osobowych odpowiedni\u0105 do zagro\u017ce\u0144 oraz kategorii danych obj\u0119tych ochron\u0105, a w szczeg\u00f3lno\u015bci zabezpiecza dane przed ich udost\u0119pnieniem osobom nieupowa\u017cnionym, zabraniem przez osob\u0119 nieuprawnion\u0105, przetwarzaniem z naruszeniem obowi\u0105zuj\u0105cych przepis\u00f3w oraz zmian\u0105, utrat\u0105, wysy\u0142k\u0105 lub uszkodzeniem. Administrator zapewnia odpowiednie \u015brodki techniczne zapobiegaj\u0105ce pozyskiwaniu i modyfikowaniu przez osoby nieuprawnione, danych osobowych przesy\u0142anych drog\u0105 elektroniczn\u0105:<\/p>\n\n\n\n<p><strong>a<\/strong><strong>)<\/strong> ochrona zbioru danych przed nieuprawnionym dost\u0119pem;<\/p>\n\n\n\n<p><strong>b)<\/strong> certyfikat SSL na stronie sklepu internetowego, na kt\u00f3rej podawane s\u0105 dane osobowe;<\/p>\n\n\n\n<p><strong>c)<\/strong> szyfrowanie danych s\u0142u\u017c\u0105cych do autoryzacji osoby korzystaj\u0105cej z funkcjonalno\u015bci sklepu internetowego;<\/p>\n\n\n\n<p><strong>d<\/strong> ) dost\u0119p do konta wy\u0142\u0105cznie po podaniu indywidualnego loginu i has\u0142a.<\/p>\n\n\n\n<h2 class=\"wp-block-heading\"><strong>VII. Czy niniejsza Polityka mo\u017ce zosta\u0107 zmieniona i w jaki spos\u00f3b mo\u017cna si\u0119 o tym dowiedzie\u0107?<\/strong><\/h2>\n\n\n\n<p>Administrator mo\u017ce zmieni\u0107 Polityk\u0119 w przysz\u0142o\u015bci. Ka\u017cdorazowo zamie\u015bci informacj\u0119 o takiej zmianie na stronie sklepu internetowego. Po ka\u017cdej zmianie nast\u0119puje nowa wersja Polityki z now\u0105 dat\u0105.<\/p>\n\n\n\n<h2 class=\"wp-block-heading\"><strong>VIII. Od kiedy obowi\u0105zuje niniejsza wersja Polityki?<\/strong><\/h2>\n\n\n\n<p>Niniejsza wersja Polityki obowi\u0105zuje od dnia 05 sierpnia 2024 r.<\/p>\n\n\n\n<p><\/p>\n","protected":false},"excerpt":{"rendered":"<p>I. Czego dotyczy ten dokument? Niniejsza polityka prywatno\u015bci sklepu internetowego (&#8222;Polityka&#8222;) ma charakter informacyjny, co oznacza \u017ce nie jest ona \u017ar\u00f3d\u0142em obowi\u0105zk\u00f3w dla u\u017cytkownika (nie jest umow\u0105 ani aktem normatywnym). Celem Polityki jest przejrzyste przedstawienie zasad funkcjonowania sklepu internetowego, a tak\u017ce zasad przetwarzania danych osobowych. II. Kto jest Administratorem Twoich danych osobowych? Administratorem Twoich danych [&hellip;]<\/p>\n","protected":false},"author":8,"featured_media":0,"parent":0,"menu_order":0,"comment_status":"closed","ping_status":"closed","template":"","meta":{"footnotes":""},"class_list":["post-3555","page","type-page","status-publish",""],"yoast_head":"<!-- This site is optimized with the Yoast SEO plugin v27.5 - https:\/\/yoast.com\/product\/yoast-seo-wordpress\/ -->\n<title>Polityka prywatno\u015bci sklepu internetowego<\/title>\n<meta name=\"description\" content=\"Niniejsza Polityka prywatno\u015bci s\u0142u\u017cy wy\u0142\u0105cznie celom informacyjnym. Celem Polityki jest przedstawienie zasad przetwarzania danych osobowych.\" \/>\n<meta name=\"robots\" content=\"index, follow, max-snippet:-1, max-image-preview:large, max-video-preview:-1\" \/>\n<link rel=\"canonical\" href=\"https:\/\/svyatna.com\/polityka-konfidentsiinosti\/\" \/>\n<meta property=\"og:locale\" content=\"pl_PL\" \/>\n<meta property=\"og:type\" content=\"article\" \/>\n<meta property=\"og:title\" content=\"Polityka prywatno\u015bci sklepu internetowego\" \/>\n<meta property=\"og:description\" content=\"Niniejsza Polityka prywatno\u015bci s\u0142u\u017cy wy\u0142\u0105cznie celom informacyjnym. Celem Polityki jest przedstawienie zasad przetwarzania danych osobowych.\" \/>\n<meta property=\"og:url\" content=\"https:\/\/svyatna.com\/polityka-konfidentsiinosti\/\" \/>\n<meta property=\"og:site_name\" content=\"svyatna\" \/>\n<meta property=\"article:modified_time\" content=\"2024-08-02T20:05:06+00:00\" \/>\n<meta name=\"twitter:card\" content=\"summary_large_image\" \/>\n<meta name=\"twitter:label1\" content=\"Szacowany czas czytania\" \/>\n\t<meta name=\"twitter:data1\" content=\"5 minut\" \/>\n<script type=\"application\/ld+json\" class=\"yoast-schema-graph\">{\"@context\":\"https:\\\/\\\/schema.org\",\"@graph\":[{\"@type\":\"WebPage\",\"@id\":\"https:\\\/\\\/svyatna.com\\\/polityka-konfidentsiinosti\\\/\",\"url\":\"https:\\\/\\\/svyatna.com\\\/polityka-konfidentsiinosti\\\/\",\"name\":\"Polityka prywatno\u015bci sklepu internetowego\",\"isPartOf\":{\"@id\":\"https:\\\/\\\/svyatna.com\\\/#website\"},\"datePublished\":\"2023-12-12T19:01:52+00:00\",\"dateModified\":\"2024-08-02T20:05:06+00:00\",\"description\":\"Niniejsza Polityka prywatno\u015bci s\u0142u\u017cy wy\u0142\u0105cznie celom informacyjnym. Celem Polityki jest przedstawienie zasad przetwarzania danych osobowych.\",\"breadcrumb\":{\"@id\":\"https:\\\/\\\/svyatna.com\\\/polityka-konfidentsiinosti\\\/#breadcrumb\"},\"inLanguage\":\"pl-PL\",\"potentialAction\":[{\"@type\":\"ReadAction\",\"target\":[\"https:\\\/\\\/svyatna.com\\\/polityka-konfidentsiinosti\\\/\"]}]},{\"@type\":\"BreadcrumbList\",\"@id\":\"https:\\\/\\\/svyatna.com\\\/polityka-konfidentsiinosti\\\/#breadcrumb\",\"itemListElement\":[{\"@type\":\"ListItem\",\"position\":1,\"name\":\"\u0413\u043b\u0430\u0432\u043d\u0430\u044f \u0441\u0442\u0440\u0430\u043d\u0438\u0446\u0430\",\"item\":\"https:\\\/\\\/svyatna.com\\\/\"},{\"@type\":\"ListItem\",\"position\":2,\"name\":\"POLITYKA PRYWATNO\u015aCI\"}]},{\"@type\":\"WebSite\",\"@id\":\"https:\\\/\\\/svyatna.com\\\/#website\",\"url\":\"https:\\\/\\\/svyatna.com\\\/\",\"name\":\"https:\\\/\\\/svyatna.com\\\/\",\"description\":\"Sklep internetowy Svyatna to nowa unikalna ukrai\u0144sko-polska marka odzie\u017cowa.\",\"potentialAction\":[{\"@type\":\"SearchAction\",\"target\":{\"@type\":\"EntryPoint\",\"urlTemplate\":\"https:\\\/\\\/svyatna.com\\\/?s={search_term_string}\"},\"query-input\":{\"@type\":\"PropertyValueSpecification\",\"valueRequired\":true,\"valueName\":\"search_term_string\"}}],\"inLanguage\":\"pl-PL\"}]}<\/script>\n<!-- \/ Yoast SEO plugin. -->","yoast_head_json":{"title":"Polityka prywatno\u015bci sklepu internetowego","description":"Niniejsza Polityka prywatno\u015bci s\u0142u\u017cy wy\u0142\u0105cznie celom informacyjnym. Celem Polityki jest przedstawienie zasad przetwarzania danych osobowych.","robots":{"index":"index","follow":"follow","max-snippet":"max-snippet:-1","max-image-preview":"max-image-preview:large","max-video-preview":"max-video-preview:-1"},"canonical":"https:\/\/svyatna.com\/polityka-konfidentsiinosti\/","og_locale":"pl_PL","og_type":"article","og_title":"Polityka prywatno\u015bci sklepu internetowego","og_description":"Niniejsza Polityka prywatno\u015bci s\u0142u\u017cy wy\u0142\u0105cznie celom informacyjnym. Celem Polityki jest przedstawienie zasad przetwarzania danych osobowych.","og_url":"https:\/\/svyatna.com\/polityka-konfidentsiinosti\/","og_site_name":"svyatna","article_modified_time":"2024-08-02T20:05:06+00:00","twitter_card":"summary_large_image","twitter_misc":{"Szacowany czas czytania":"5 minut"},"schema":{"@context":"https:\/\/schema.org","@graph":[{"@type":"WebPage","@id":"https:\/\/svyatna.com\/polityka-konfidentsiinosti\/","url":"https:\/\/svyatna.com\/polityka-konfidentsiinosti\/","name":"Polityka prywatno\u015bci sklepu internetowego","isPartOf":{"@id":"https:\/\/svyatna.com\/#website"},"datePublished":"2023-12-12T19:01:52+00:00","dateModified":"2024-08-02T20:05:06+00:00","description":"Niniejsza Polityka prywatno\u015bci s\u0142u\u017cy wy\u0142\u0105cznie celom informacyjnym. Celem Polityki jest przedstawienie zasad przetwarzania danych osobowych.","breadcrumb":{"@id":"https:\/\/svyatna.com\/polityka-konfidentsiinosti\/#breadcrumb"},"inLanguage":"pl-PL","potentialAction":[{"@type":"ReadAction","target":["https:\/\/svyatna.com\/polityka-konfidentsiinosti\/"]}]},{"@type":"BreadcrumbList","@id":"https:\/\/svyatna.com\/polityka-konfidentsiinosti\/#breadcrumb","itemListElement":[{"@type":"ListItem","position":1,"name":"\u0413\u043b\u0430\u0432\u043d\u0430\u044f \u0441\u0442\u0440\u0430\u043d\u0438\u0446\u0430","item":"https:\/\/svyatna.com\/"},{"@type":"ListItem","position":2,"name":"POLITYKA PRYWATNO\u015aCI"}]},{"@type":"WebSite","@id":"https:\/\/svyatna.com\/#website","url":"https:\/\/svyatna.com\/","name":"https:\/\/svyatna.com\/","description":"Sklep internetowy Svyatna to nowa unikalna ukrai\u0144sko-polska marka odzie\u017cowa.","potentialAction":[{"@type":"SearchAction","target":{"@type":"EntryPoint","urlTemplate":"https:\/\/svyatna.com\/?s={search_term_string}"},"query-input":{"@type":"PropertyValueSpecification","valueRequired":true,"valueName":"search_term_string"}}],"inLanguage":"pl-PL"}]}},"_links":{"self":[{"href":"https:\/\/svyatna.com\/pl\/wp-json\/wp\/v2\/pages\/3555","targetHints":{"allow":["GET"]}}],"collection":[{"href":"https:\/\/svyatna.com\/pl\/wp-json\/wp\/v2\/pages"}],"about":[{"href":"https:\/\/svyatna.com\/pl\/wp-json\/wp\/v2\/types\/page"}],"author":[{"embeddable":true,"href":"https:\/\/svyatna.com\/pl\/wp-json\/wp\/v2\/users\/8"}],"replies":[{"embeddable":true,"href":"https:\/\/svyatna.com\/pl\/wp-json\/wp\/v2\/comments?post=3555"}],"version-history":[{"count":11,"href":"https:\/\/svyatna.com\/pl\/wp-json\/wp\/v2\/pages\/3555\/revisions"}],"predecessor-version":[{"id":5236,"href":"https:\/\/svyatna.com\/pl\/wp-json\/wp\/v2\/pages\/3555\/revisions\/5236"}],"wp:attachment":[{"href":"https:\/\/svyatna.com\/pl\/wp-json\/wp\/v2\/media?parent=3555"}],"curies":[{"name":"wp","href":"https:\/\/api.w.org\/{rel}","templated":true}]}}