{"id":3521,"date":"2020-06-20T14:02:19","date_gmt":"2020-06-20T11:02:19","guid":{"rendered":"https:\/\/svyatna.com\/wozek\/"},"modified":"2024-07-25T13:01:35","modified_gmt":"2024-07-25T10:01:35","slug":"koszyk","status":"publish","type":"page","link":"https:\/\/svyatna.com\/pl\/koszyk\/","title":{"rendered":"KOSZYK"},"content":{"rendered":"\n","protected":false},"excerpt":{"rendered":"","protected":false},"author":8,"featured_media":0,"parent":0,"menu_order":0,"comment_status":"closed","ping_status":"closed","template":"","meta":{"footnotes":""},"class_list":["post-3521","page","type-page","status-publish",""],"yoast_head":"<!-- This site is optimized with the Yoast SEO plugin v27.5 - https:\/\/yoast.com\/product\/yoast-seo-wordpress\/ -->\n<title>Koszyk w sklepie internetowym z odzie\u017c\u0105 damsk\u0105 na Ukrainie<\/title>\n<meta name=\"description\" content=\"Koszyk w internetowym sklepie z odzie\u017c\u0105 damsk\u0105. Mamy najmodniejsze trendy sezonu! Wszystkie rozmiary! Pracujemy dla Ciebie 24\/7. Udanych zakup\u00f3w!\" \/>\n<meta name=\"robots\" content=\"index, follow, max-snippet:-1, max-image-preview:large, max-video-preview:-1\" \/>\n<link rel=\"canonical\" href=\"https:\/\/svyatna.com\/pl\/koszyk\/\" \/>\n<meta property=\"og:locale\" content=\"pl_PL\" \/>\n<meta property=\"og:type\" content=\"article\" \/>\n<meta property=\"og:title\" content=\"Koszyk w sklepie internetowym z odzie\u017c\u0105 damsk\u0105 na Ukrainie\" \/>\n<meta property=\"og:description\" content=\"Koszyk w internetowym sklepie z odzie\u017c\u0105 damsk\u0105. Mamy najmodniejsze trendy sezonu! Wszystkie rozmiary! Pracujemy dla Ciebie 24\/7. Udanych zakup\u00f3w!\" \/>\n<meta property=\"og:url\" content=\"https:\/\/svyatna.com\/pl\/koszyk\/\" \/>\n<meta property=\"og:site_name\" content=\"svyatna\" \/>\n<meta property=\"article:modified_time\" content=\"2024-07-25T10:01:35+00:00\" \/>\n<meta name=\"twitter:card\" content=\"summary_large_image\" \/>\n<meta name=\"twitter:label1\" content=\"Szacowany czas czytania\" \/>\n\t<meta name=\"twitter:data1\" content=\"1 minuta\" \/>\n<script type=\"application\/ld+json\" class=\"yoast-schema-graph\">{\"@context\":\"https:\\\/\\\/schema.org\",\"@graph\":[{\"@type\":\"WebPage\",\"@id\":\"https:\\\/\\\/svyatna.com\\\/pl\\\/koszyk\\\/\",\"url\":\"https:\\\/\\\/svyatna.com\\\/pl\\\/koszyk\\\/\",\"name\":\"Koszyk w sklepie internetowym z odzie\u017c\u0105 damsk\u0105 na Ukrainie\",\"isPartOf\":{\"@id\":\"https:\\\/\\\/svyatna.com\\\/#website\"},\"datePublished\":\"2020-06-20T11:02:19+00:00\",\"dateModified\":\"2024-07-25T10:01:35+00:00\",\"description\":\"Koszyk w internetowym sklepie z odzie\u017c\u0105 damsk\u0105. Mamy najmodniejsze trendy sezonu! Wszystkie rozmiary! Pracujemy dla Ciebie 24\\\/7. Udanych zakup\u00f3w!\",\"breadcrumb\":{\"@id\":\"https:\\\/\\\/svyatna.com\\\/pl\\\/koszyk\\\/#breadcrumb\"},\"inLanguage\":\"pl-PL\",\"potentialAction\":[{\"@type\":\"ReadAction\",\"target\":[\"https:\\\/\\\/svyatna.com\\\/pl\\\/koszyk\\\/\"]}]},{\"@type\":\"BreadcrumbList\",\"@id\":\"https:\\\/\\\/svyatna.com\\\/pl\\\/koszyk\\\/#breadcrumb\",\"itemListElement\":[{\"@type\":\"ListItem\",\"position\":1,\"name\":\"\u0413\u043b\u0430\u0432\u043d\u0430\u044f \u0441\u0442\u0440\u0430\u043d\u0438\u0446\u0430\",\"item\":\"https:\\\/\\\/svyatna.com\\\/\"},{\"@type\":\"ListItem\",\"position\":2,\"name\":\"KOSZYK\"}]},{\"@type\":\"WebSite\",\"@id\":\"https:\\\/\\\/svyatna.com\\\/#website\",\"url\":\"https:\\\/\\\/svyatna.com\\\/\",\"name\":\"https:\\\/\\\/svyatna.com\\\/\",\"description\":\"Sklep internetowy Svyatna to nowa unikalna ukrai\u0144sko-polska marka odzie\u017cowa.\",\"potentialAction\":[{\"@type\":\"SearchAction\",\"target\":{\"@type\":\"EntryPoint\",\"urlTemplate\":\"https:\\\/\\\/svyatna.com\\\/?s={search_term_string}\"},\"query-input\":{\"@type\":\"PropertyValueSpecification\",\"valueRequired\":true,\"valueName\":\"search_term_string\"}}],\"inLanguage\":\"pl-PL\"}]}<\/script>\n<!-- \/ Yoast SEO plugin. -->","yoast_head_json":{"title":"Koszyk w sklepie internetowym z odzie\u017c\u0105 damsk\u0105 na Ukrainie","description":"Koszyk w internetowym sklepie z odzie\u017c\u0105 damsk\u0105. Mamy najmodniejsze trendy sezonu! Wszystkie rozmiary! Pracujemy dla Ciebie 24\/7. Udanych zakup\u00f3w!","robots":{"index":"index","follow":"follow","max-snippet":"max-snippet:-1","max-image-preview":"max-image-preview:large","max-video-preview":"max-video-preview:-1"},"canonical":"https:\/\/svyatna.com\/pl\/koszyk\/","og_locale":"pl_PL","og_type":"article","og_title":"Koszyk w sklepie internetowym z odzie\u017c\u0105 damsk\u0105 na Ukrainie","og_description":"Koszyk w internetowym sklepie z odzie\u017c\u0105 damsk\u0105. Mamy najmodniejsze trendy sezonu! Wszystkie rozmiary! Pracujemy dla Ciebie 24\/7. Udanych zakup\u00f3w!","og_url":"https:\/\/svyatna.com\/pl\/koszyk\/","og_site_name":"svyatna","article_modified_time":"2024-07-25T10:01:35+00:00","twitter_card":"summary_large_image","twitter_misc":{"Szacowany czas czytania":"1 minuta"},"schema":{"@context":"https:\/\/schema.org","@graph":[{"@type":"WebPage","@id":"https:\/\/svyatna.com\/pl\/koszyk\/","url":"https:\/\/svyatna.com\/pl\/koszyk\/","name":"Koszyk w sklepie internetowym z odzie\u017c\u0105 damsk\u0105 na Ukrainie","isPartOf":{"@id":"https:\/\/svyatna.com\/#website"},"datePublished":"2020-06-20T11:02:19+00:00","dateModified":"2024-07-25T10:01:35+00:00","description":"Koszyk w internetowym sklepie z odzie\u017c\u0105 damsk\u0105. Mamy najmodniejsze trendy sezonu! Wszystkie rozmiary! Pracujemy dla Ciebie 24\/7. Udanych zakup\u00f3w!","breadcrumb":{"@id":"https:\/\/svyatna.com\/pl\/koszyk\/#breadcrumb"},"inLanguage":"pl-PL","potentialAction":[{"@type":"ReadAction","target":["https:\/\/svyatna.com\/pl\/koszyk\/"]}]},{"@type":"BreadcrumbList","@id":"https:\/\/svyatna.com\/pl\/koszyk\/#breadcrumb","itemListElement":[{"@type":"ListItem","position":1,"name":"\u0413\u043b\u0430\u0432\u043d\u0430\u044f \u0441\u0442\u0440\u0430\u043d\u0438\u0446\u0430","item":"https:\/\/svyatna.com\/"},{"@type":"ListItem","position":2,"name":"KOSZYK"}]},{"@type":"WebSite","@id":"https:\/\/svyatna.com\/#website","url":"https:\/\/svyatna.com\/","name":"https:\/\/svyatna.com\/","description":"Sklep internetowy Svyatna to nowa unikalna ukrai\u0144sko-polska marka odzie\u017cowa.","potentialAction":[{"@type":"SearchAction","target":{"@type":"EntryPoint","urlTemplate":"https:\/\/svyatna.com\/?s={search_term_string}"},"query-input":{"@type":"PropertyValueSpecification","valueRequired":true,"valueName":"search_term_string"}}],"inLanguage":"pl-PL"}]}},"_links":{"self":[{"href":"https:\/\/svyatna.com\/pl\/wp-json\/wp\/v2\/pages\/3521","targetHints":{"allow":["GET"]}}],"collection":[{"href":"https:\/\/svyatna.com\/pl\/wp-json\/wp\/v2\/pages"}],"about":[{"href":"https:\/\/svyatna.com\/pl\/wp-json\/wp\/v2\/types\/page"}],"author":[{"embeddable":true,"href":"https:\/\/svyatna.com\/pl\/wp-json\/wp\/v2\/users\/8"}],"replies":[{"embeddable":true,"href":"https:\/\/svyatna.com\/pl\/wp-json\/wp\/v2\/comments?post=3521"}],"version-history":[{"count":8,"href":"https:\/\/svyatna.com\/pl\/wp-json\/wp\/v2\/pages\/3521\/revisions"}],"predecessor-version":[{"id":4999,"href":"https:\/\/svyatna.com\/pl\/wp-json\/wp\/v2\/pages\/3521\/revisions\/4999"}],"wp:attachment":[{"href":"https:\/\/svyatna.com\/pl\/wp-json\/wp\/v2\/media?parent=3521"}],"curies":[{"name":"wp","href":"https:\/\/api.w.org\/{rel}","templated":true}]}}